{"id":904,"date":"2018-05-25T09:59:56","date_gmt":"2018-05-25T09:59:56","guid":{"rendered":"http:\/\/asz-online.de\/?page_id=904"},"modified":"2026-01-14T14:08:22","modified_gmt":"2026-01-14T14:08:22","slug":"datenschutzerklaerung","status":"publish","type":"page","link":"https:\/\/asz-online.de\/index.php\/impressum\/datenschutzerklaerung\/","title":{"rendered":"Datenschutzerkl\u00e4rung"},"content":{"rendered":"<p>Uns ist es wichtig, Ihre personenbezogenen Daten zu sch\u00fctzen. Aus diesem Grund m\u00f6chten wir Sie dar\u00fcber aufkl\u00e4ren, welche Daten wir bei Ihrem Besuch unserer Internetseite speichern, warum wir das tun und wann die Daten wieder gel\u00f6scht werden. Alle Informationen zu einer namentlichen oder identifizierbaren Person (wie z. B. der Name, die Adresse oder Telefonnummer, aber auch die IP-Adresse des Rechners, mit dem Sie unsere Webseite aufrufen) gelten als personenbezogene Daten.<\/p>\n<h2>Technische Daten<\/h2>\n<p>Beim Aufruf unserer Website werden allgemeine Daten und Informationen in den Logfiles des Servers gespeichert. Folgende Daten werden dabei unter Umst\u00e4nden erfasst:<\/p>\n<ul>\n<li>Informationen \u00fcber den Browsertyp und die verwendete Version,<\/li>\n<li>das Betriebssystem des Nutzers,<\/li>\n<li>den Internet-Service-Provider des Nutzers,<\/li>\n<li>die IP-Adresse des Nutzers,<\/li>\n<li>Datum und Uhrzeit des Zugriffs,<\/li>\n<li>Websites, von denen das System des Nutzers auf unsere Internetseite gelangt und<\/li>\n<li>Websites, die vom System des Nutzers \u00fcber unsere Website aufgerufen werden.<\/li>\n<\/ul>\n<p>Um die angeforderten Inhalte von Websites korrekt auszuliefern, ist die Erhebung dieser Daten technisch notwendig. Aus diesen f\u00fcr die Nutzung des Internets notwendigen Informationen ziehen wir jedoch keine R\u00fcckschl\u00fcsse auf die betroffene Person.<\/p>\n<p>Rechtsgrundlage f\u00fcr die Verarbeitung ist Art. 6 lit. B DSGVO.<\/p>\n<p>Sobald Sie die Website verlassen, werden die zuvor beschriebenen Daten gel\u00f6scht.<\/p>\n<p>Es ist weder gesetzlich noch vertraglich vorgeschrieben oder f\u00fcr einen Vertragsabschluss erforderlich, die technischen Daten bereitzustellen. F\u00fcr die Bereitstellung der personenbezogenen Daten sind Sie nicht verpflichtet. Bei nicht oder nicht vollst\u00e4ndiger Angabe der erforderlichen Informationen Ihres Systems, kann es dazu f\u00fchren, dass unsere Website nicht oder nicht vollst\u00e4ndig aufgerufen werden kann.<\/p>\n<h2>Kontaktformular<\/h2>\n<p>Wenn Sie uns per Kontaktformular erreichen m\u00f6chten, bitten wir Sie personenbezogene Daten einzugeben, welche wir als Nachricht mit dem Inhalt Ihrer Anfrage erhalten. Diese Informationen speichern wir, um Ihr Anliegen zu bearbeiten. Daf\u00fcr werden die Daten vor\u00fcbergehend im Content Management System (CMS) das ist die Software, mit der wir unsere Website auf unserem Server verwalten, gespeichert.<\/p>\n<p>Rechtsgrundlage f\u00fcr die Verarbeitung ist Art. 6 Abs. 1 lit, 9 Abs. 2 lit. h DSGVO.<\/p>\n<p>Sobald die Daten f\u00fcr die Bearbeitung des Auftrages nicht mehr ben\u00f6tigt werden, werden sie gel\u00f6scht. Es ist weder gesetzlich noch vertraglich vorgeschrieben oder f\u00fcr einen Vertragsabschluss erforderlich, die Daten \u00fcber das Kontaktformular bereitzustellen. Zu der Bereitstellung Ihrer personenbezogenen Daten im Rahmen des Kontaktformulars sind Sie nicht verpflichtet. Wir bitten um Ihr Verst\u00e4ndnis, dass bei Unvollst\u00e4ndigkeit Ihrer Informationen im Kontaktformular eventuell keine Verbindung zu Ihnen aufgenommen werden kann, um Ihr Anliegen zu bearbeiten.<\/p>\n<h2>Dauer, f\u00fcr die die personenbezogenen Daten gespeichert werden<\/h2>\n<p>Das Kriterium f\u00fcr die Dauer der Speicherung von personenbezogenen Daten ist die jeweilige gesetzliche Aufbewahrungsfrist. Nach Ablauf der Frist werden die entsprechenden Daten routinem\u00e4\u00dfig gel\u00f6scht, sofern sie nicht mehr zur Vertragserf\u00fcllung oder Vertragsanbahnung erforderlich sind.<\/p>\n<h2>Datenschutz bei Bewerbungen und im Bewerbungsverfahren<\/h2>\n<p>Der f\u00fcr die Verarbeitung Verantwortliche erhebt und verarbeitet die personenbezogenen Daten von Bewerbern zum Zwecke der Abwicklung des Bewerbungsverfahrens. Die Verarbeitung kann auch auf elektronischem Wege erfolgen. Dies ist insbesondere dann der Fall, wenn ein Bewerber entsprechende Bewerbungsunterlagen auf dem elektronischen Wege, beispielsweise per E-Mail oder \u00fcber ein auf der Internetseite befindliches Webformular, an den f\u00fcr die Verarbeitung Verantwortlichen \u00fcbermittelt. Schlie\u00dft der f\u00fcr die Verarbeitung Verantwortliche einen Anstellungsvertrag mit einem Bewerber, werden die \u00fcbermittelten Daten zum Zwecke der Abwicklung des Besch\u00e4ftigungsverh\u00e4ltnisses unter Beachtung der gesetzlichen Vorschriften gespeichert. Wird von dem f\u00fcr die Verarbeitung Verantwortlichen kein Anstellungsvertrag mit dem Bewerber geschlossen, so werden die Bewerbungsunterlagen zwei Monate nach Bekanntgabe der Absageentscheidung automatisch gel\u00f6scht, sofern einer L\u00f6schung keine sonstigen berechtigten Interessen des f\u00fcr die Verarbeitung Verantwortlichen entgegenstehen. Sonstiges berechtigtes Interesse in diesem Sinne ist beispielsweise eine Beweispflicht in einem Verfahren nach dem Allgemeinen Gleichbehandlungsgesetz (AGG).<\/p>\n<h2>Cookies<\/h2>\n<p>Cookies sind kleine Dateien, die bestimmte Einstellungen und Daten zum Austausch mit unserem System \u00fcber Ihren Browser speichern. Sie werden auf Ihrem Datentr\u00e4ger gespeichert und gestalten das Internetangebot effektiver und nutzerfreundlicher. Personenbezogene Daten werden hierbei nicht \u00fcbermittelt. F\u00fcr unseren Internetauftritt verwenden wir Session-Cookies, die eine Nachverfolgung des Nutzungsverhaltens nicht erm\u00f6glichen. Nach dem Beenden der Browsersitzung werden die Cookies automatisch gel\u00f6scht. Rechtsgrundlage f\u00fcr die Verarbeitung ist Art. 6 Abs. 1 b DSGVO. Ihrem Browser k\u00f6nnen Sie die detaillierten Informationen zu den eingesetzten Cookies entnehmen. Zudem lassen sich die Cookies durch eine von Ihrem Browser zur Verf\u00fcgung gestellte L\u00f6schfunktion von ihrem System manuell entfernen. Das Speichern von Cookies kann in ihrem Browser vollst\u00e4ndig deaktiviert oder auf bestimmte Websites beschr\u00e4nkt werden. Eine automatische Benachrichtigung, sobald Cookies eingesetzt werden, ist ebenfalls m\u00f6glich. Es ist weder gesetzlich noch vertraglich vorgeschrieben oder f\u00fcr einen Vertragsabschluss erforderlich, Cookies einzusetzen. Zu der Bereitstellung Ihrer personenbezogenen Daten sind Sie nicht verpflichtet. Sollten Sie den Einsatz von Cookies nicht zulassen, k\u00f6nnen eventuell einige Funktionen unserer Website nicht oder nicht richtig funktionieren, bzw. bestimmte Inhalte nicht oder unvollst\u00e4ndig angezeigt werden.<\/p>\n<h2>Facebook<\/h2>\n<p>Auf unserer Internetseite verwenden wir den Share-Button des sozialen Netzwerkes Facebook &#8211; erkennbar durch das charakteristische Facebook-Logo, welches von der<br \/>\nFacebook Inc.,<br \/>\n1601 S. California Ave,<br \/>\nPaloAlto,<br \/>\nGA 94304, USA<br \/>\nbetrieben wird. Wenn Sie Ihren gew\u00f6hnlichen Aufenthalt in der Europ\u00e4ischen Union haben, werden Ihnen die Dienste von<br \/>\nFacebook Ireland Limited,<br \/>\nHanover Reach, 6-7,<br \/>\nHanover Quay, Dublin 2,<br \/>\nIreland angeboten.<\/p>\n<p>Wenn Sie eine Website aufrufen, die den Button enth\u00e4lt, baut Ihr Browser &#8211; nach der Aktivierung durch Anklicken &#8211; mit Hilfe von Cookies eine direkte Verbindung zu den Servern mit Facebook auf und spielt ihnen unmittelbar die folgenden Daten aus:<\/p>\n<ol>\n<li>Datum und Uhrzeit des Besuches,<\/li>\n<li>die Internet-Adresse\/URL der Site, die Sie gerade besuchen,<\/li>\n<li>die IP-Adresse,<\/li>\n<li>das Ger\u00e4t, das Sie verwenden,<\/li>\n<li>den Browser,<\/li>\n<li>das Betriebssystem,<\/li>\n<li>die Nutzererkennung, wenn Sie registrierter Nutzer bei Facebook sind, gegebenenfalls den Namen und Vornamen sowie<\/li>\n<li>die Information, dass Sie dieses konkrete Plugin auf unserer Seite verwendet haben.<\/li>\n<\/ol>\n<p>Welche Daten Facebook tats\u00e4chlich erhebt, nutzt oder speichert, k\u00f6nnen wir nicht beeinflussen. Alle Informationen hierzu entnehmen Sie bitten der <a href=\"https:\/\/www.facebook.com\/about\/privacy\" target=\"_blank\" rel=\"noopener noreferrer\"><span style=\"color: #ff0000;\">Datenschutzrichtlinie<\/span><\/a> sowie die <a href=\"https:\/\/www.facebook.com\/policies\/cookies\/\" target=\"_blank\" rel=\"noopener noreferrer\"><span style=\"color: #ff0000;\">Cookie-Richtlinie<\/span> <\/a>von Facebook.<\/p>\n<h2>Google reCaptcha<\/h2>\n<p>Zum Schutz bei der \u00dcbermittlung von Formularen (z. B. Online-Beitrittserkl\u00e4rung, Kontaktformular, Registrierung f\u00fcr den internen Mitgliederbereich) verwenden wir in ausgew\u00e4hlten F\u00e4llen den Dienst reCAPTCHA des Unternehmens Google Inc. (Google Ireland Limited [Register-Nr.: 368047] Gordon House, Barrow Street, Dublin 4, Irland). Der Dienst schlie\u00dft den Versand Ihrer IP-Adresse und ggf. weiterer von Google f\u00fcr den Dienst reCAPTCHA ben\u00f6tigter Daten an Google ein. F\u00fcr diese Daten gelten die abweichenden Datenschutzbestimmungen des Unternehmens Google. Weitere ausf\u00fchrliche Details finden Sie im Datenschutz-Center von Google: <a href=\"http:\/\/www.google.de\/intl\/de\/privacy\" target=\"_blank\" rel=\"noopener noreferrer\"><span style=\"color: #ff0000;\">http:\/\/www.google.de\/intl\/de\/privacy<\/span><\/a><\/p>\n<h2>Datenschutzbestimmungen zu Einsatz<br \/>\nund Verwendung von Google Maps<\/h2>\n<p>Der f\u00fcr die Verarbeitung Verantwortliche hat auf dieser Internetseite Komponenten von Google Maps integriert. Google Maps ist ein Kartendienst im Internet.<\/p>\n<p>Betreibergesellschaft von Google Maps ist<br \/>\nGoogle Inc.,<br \/>\n1600 Amphitheatre Parkway,<br \/>\nMountain View,<br \/>\nCA 94043, USA.<\/p>\n<p>Indem Sie Google Maps auf unserer Webseite nutzen, werden Informationen \u00fcber die Nutzung dieser Webseite und Ihre IP-Adresse an einen Google-Server in den USA \u00fcbermittelt und auch auf diesem Server gespeichert. Wir haben keine Kenntnis \u00fcber den genauen Inhalt der \u00fcbermittelten Daten, noch \u00fcber ihre Nutzung durch Google. Google k\u00f6nnte die Informationen auch an Dritte \u00fcbermitteln. Wenn Sie Javascript in Ihrem Browser deaktivieren, verhindern Sie die Ausf\u00fchrung von Google Maps. Sie k\u00f6nnen dann aber auch keine Kartenanzeige auf unserer Webseite nutzen. Mit der Nutzung unserer Webseite erkl\u00e4ren Sie Ihr Einverst\u00e4ndnis mit der beschriebenen Erfassung und Verarbeitung der Informationen durch Google.<\/p>\n<p>Die von Google Maps ver\u00f6ffentlichten Datenschutzbestimmungen, die unter <a href=\"https:\/\/www.google.com\/intl\/de_de\/help\/terms_maps.html\" target=\"_blank\" rel=\"noopener noreferrer\"><span style=\"color: #ff0000;\">https:\/\/www.google.com\/intl\/de_de\/help\/terms_maps.html<\/span><\/a> abrufbar sind, geben Aufschluss \u00fcber die Erhebung, Verarbeitung und Nutzung personenbezogener Daten durch Google Maps.<\/p>\n<h2>Google Analytics<\/h2>\n<p>Wir setzen auf Grundlage unserer berechtigten Interessen (d.h. Interesse an der Analyse, Optimierung und wirtschaftlichem Betrieb unseres Onlineangebotes im Sinne des Art. 6 Abs. 1 lit. f. DSGVO) Google Analytics, einen Webanalysedienst der Google LLC (\u201eGoogle\u201c) ein. Google verwendet Cookies. Die durch das Cookie erzeugten Informationen \u00fcber Benutzung des Onlineangebotes durch die Nutzer werden in der Regel an einen Server von Google in den USA \u00fcbertragen und dort gespeichert.<\/p>\n<p>Google ist unter dem Privacy-Shield-Abkommen zertifiziert und bietet hierdurch eine Garantie, das europ\u00e4ische Datenschutzrecht einzuhalten <a href=\"https:\/\/www.privacyshield.gov\/participant?id=a2zt000000001L5AAI&amp;status=Active\" target=\"_blank\" rel=\"noopener noreferrer\">(<span style=\"color: #ff0000;\">https:\/\/www.privacyshield.gov\/participant?id=a2zt000000001L5AAI&amp;status=Active<\/span>)<\/a>.<\/p>\n<p>Google wird diese Informationen in unserem Auftrag benutzen, um die Nutzung unseres Onlineangebotes durch die Nutzer auszuwerten, um Reports \u00fcber die Aktivit\u00e4ten innerhalb dieses Onlineangebotes zusammenzustellen und um weitere, mit der Nutzung dieses Onlineangebotes und der Internetnutzung verbundene Dienstleistungen, uns gegen\u00fcber zu erbringen. Dabei k\u00f6nnen aus den verarbeiteten Daten pseudonyme Nutzungsprofile der Nutzer erstellt werden.<\/p>\n<p>Wir setzen Google Analytics nur mit aktivierter IP-Anonymisierung ein. Das bedeutet, die IP-Adresse der Nutzer wird von Google innerhalb von Mitgliedstaaten der Europ\u00e4ischen Union oder in anderen Vertragsstaaten des Abkommens \u00fcber den Europ\u00e4ischen Wirtschaftsraum gek\u00fcrzt. Nur in Ausnahmef\u00e4llen wird die volle IP-Adresse an einen Server von Google in den USA \u00fcbertragen und dort gek\u00fcrzt.<\/p>\n<p>Die von dem Browser des Nutzers \u00fcbermittelte IP-Adresse wird nicht mit anderen Daten von Google zusammengef\u00fchrt. Die Nutzer k\u00f6nnen die Speicherung der Cookies durch eine entsprechende Einstellung ihrer Browser-Software verhindern; die Nutzer k\u00f6nnen dar\u00fcber hinaus die Erfassung der durch das Cookie erzeugten und auf ihre Nutzung des Onlineangebotes bezogenen Daten an Google sowie die Verarbeitung dieser Daten durch Google verhindern, indem sie das unter folgendem Link verf\u00fcgbare Browser-Plugin herunterladen und installieren: <a href=\"https:\/\/tools.google.com\/dlpage\/gaoptout?hl=de\" target=\"_blank\" rel=\"noopener noreferrer\"><span style=\"color: #ff0000;\">http:\/\/tools.google.com\/dlpage\/gaoptout?hl=de<\/span><\/a>.<\/p>\n<p>Weitere Informationen zur Datennutzung durch Google, Einstellungs- und Widerspruchsm\u00f6glichkeiten, erfahren Sie in der Datenschutzerkl\u00e4rung von Google (<span style=\"color: #ff0000;\"><a style=\"color: #ff0000;\" href=\"https:\/\/policies.google.com\/technologies\/ads\" target=\"_blank\" rel=\"noopener noreferrer\">https:\/\/policies.google.com\/technologies\/ads<\/a><\/span>) sowie in den Einstellungen f\u00fcr die Darstellung von Werbeeinblendungen durch Google (<span style=\"color: #ff0000;\"><a style=\"color: #ff0000;\" href=\"https:\/\/adssettings.google.com\/authenticated\" target=\"_blank\" rel=\"noopener noreferrer\">https:\/\/adssettings.google.com\/authenticated<\/a><\/span>).<\/p>\n<p>Die personenbezogenen Daten der Nutzer werden nach 14 Monaten gel\u00f6scht oder anonymisiert.<\/p>\n<h2>YouTube<\/h2>\n<p>Unsere Seite verwendet f\u00fcr die Einbindung von Videos den Anbieter YouTube LLC , 901 Cherry Avenue, San Bruno, CA 94066, USA, vertreten durch Google Inc., 1600 Amphitheatre Parkway, Mountain View, CA 94043, USA. Normalerweise wird bereits bei Aufruf einer Seite mit eingebetteten Videos Ihre IP-Adresse an YouTube gesendet und Cookies auf Ihrem Rechner installiert. Wir haben unsere YouTube-Videos jedoch mit dem erweiterten Datenschutzmodus eingebunden (in diesem Fall nimmt YouTube immer noch Kontakt zu dem Dienst Double Klick von Google auf, doch werden dabei laut der Datenschutzerkl\u00e4rung von Google personenbezogene Daten nicht ausgewertet). Dadurch werden von YouTube keine Informationen \u00fcber die Besucher mehr gespeichert, es sei denn, sie sehen sich das Video an. Wenn Sie das Video anklicken, wird Ihre IP-Adresse an YouTube \u00fcbermittelt und YouTube erf\u00e4hrt, dass Sie das Video angesehen haben. Sind Sie bei YouTube eingeloggt, wird diese Information auch Ihrem Benutzerkonto zugeordnet (dies k\u00f6nnen Sie verhindern, indem Sie sich vor dem Aufrufen des Videos bei YouTube ausloggen).<\/p>\n<p>Von der dann m\u00f6glichen Erhebung und Verwendung Ihrer Daten durch YouTube haben wir keine Kenntnis und darauf auch keinen Einfluss. N\u00e4here Informationen k\u00f6nnen Sie der Datenschutzerkl\u00e4rung von YouTube unter <a href=\"http:\/\/www.google.de\/intl\/de\/policies\/privacy\/\" target=\"_blank\" rel=\"noopener noreferrer\"><span style=\"color: #ff0000;\">www.google.de\/intl\/de\/policies\/privacy\/<\/span><\/a> entnehmen. Zudem verweisen wir f\u00fcr den generellen Umgang mit und die Deaktivierung von Cookies auf unsere allgemeine Darstellung in dieser Datenschutzerkl\u00e4rung.<\/p>\n<h2>Auskunfts-, Berichtigungs- und L\u00f6schungsrecht, Daten\u00fcbertragbarkeit<\/h2>\n<p>Sie k\u00f6nnen Auskunft \u00fcber personenbezogene Daten verlangen, welche wir zu Ihrer Person gespeichert haben und was wir mit diesen Informationen tun. Zudem haben Sie bei falsch erfassten Daten den Anspruch auf Berichtigung. Diese Daten k\u00f6nnen auf Ihr Verlangen auch gel\u00f6scht oder nur f\u00fcr bestimmte Zwecke verwendet werden. Die von Ihnen gespeicherten Daten stellen wir auf Ihren Wunsch zur Verf\u00fcgung oder \u00fcbermitteln sie an einen von Ihnen benannten Dritten.<\/p>\n<h2>Widerspruchsrecht gegen unzumutbare Datenverarbeitungen<\/h2>\n<p>Sie haben zudem ein allgemeines Widerspruchsrecht auch gegen rechtm\u00e4\u00dfige Datenverarbeitungen, die im \u00f6ffentlichen Interesse liegen, in Aus\u00fcbung \u00f6ffentlicher Gewalt oder aufgrund des berechtigten Interesses einer Stelle erfolgen.<\/p>\n<h2>Widerruf der Einwilligung<\/h2>\n<p>Wenn wir personenbezogene Daten aufgrund Ihrer ausdr\u00fccklichen Einwilligung verarbeiten, steht Ihnen das Recht zu, Ihre Einwilligung jederzeit zu widerrufen. Diese Erkl\u00e4rung k\u00f6nnen Sie &#8211; schriftlich, per Mail oder Fax &#8211; an unsere Einrichtung richten. Einer Angabe von Gr\u00fcnden bedarf es daf\u00fcr nicht. Ihr Widerruf gilt allerdings erst ab dem Zeitpunkt, zu dem Sie diesen aussprechen bzw. zu welchem er uns zugeht. Er hat keine R\u00fcckwirkung. Die Verarbeitung Ihrer Daten bis zu diesem Zeitpunkt bleibt rechtm\u00e4\u00dfig.<\/p>\n<h2>Beschwerderecht<\/h2>\n<p>Ihnen steht das Recht zur Beschwerde bei der zust\u00e4ndigen Aufsichtsbeh\u00f6rde zu.<\/p>\n<h2>Sicherheit und Datenverschl\u00fcsselung<\/h2>\n<p>Zum Schutz Ihrer durch uns verwalteten Daten gegen zuf\u00e4llige oder vors\u00e4tzliche Manipulation, Zerst\u00f6rung, Verlust oder den Zugriff unberechtigter Personen, setzt unsere Einrichtung technische und organisatorische Sicherheitsma\u00dfnahmen ein, welche entsprechend der technologischen Entwicklung fortlaufend verbessert werden. F\u00fcr die Daten\u00fcbertragung \u00fcber das Internet verwenden wir die SSL (secure socket layer) Verschl\u00fcsselung. Sie sch\u00fctzt Ihre eingegeben Daten, so dass Unbefugte keinen Zugriff darauf haben oder sie lesen k\u00f6nnen.<\/p>\n<h2>Links zu anderen Anbietern<\/h2>\n<p>Wir bitten um Beachtung, dass unsere Website Links zu Internetseiten anderer Anbieter enth\u00e4lt, auf die sich unsere Datenschutzerkl\u00e4rung nicht erstreckt.<\/p>\n<h2>Verantwortlicher<\/h2>\n<p>ASZ \u2013 Arbeitsschutzzentrum in Th\u00fcringen<br \/>\nHerr Christian H\u00f6nl (Gesch\u00e4ftsinhaber)<br \/>\nAltengottern<br \/>\nHauptstra\u00dfe 4<br \/>\n99991 Unstrut-Hainich<\/p>\n<p>E-Mail: info@arbeitsschutzzentrum.de<br \/>\nTel.: 036022 \/ 18 000<\/p>\n<hr \/>\n<p><span style=\"color: #ff0000;\"><a style=\"color: #ff0000;\" href=\"https:\/\/asz-online.de\/wp-content\/uploads\/2025\/12\/Datenschutzerklaerung_15122025.pdf\" target=\"_blank\" rel=\"noopener\"><strong>als PDF downloaden<\/strong><\/a><\/span><\/p>\n","protected":false},"excerpt":{"rendered":"<p>Uns ist es wichtig, Ihre personenbezogenen Daten zu sch\u00fctzen. Aus diesem Grund m\u00f6chten wir Sie dar\u00fcber aufkl\u00e4ren, welche Daten wir bei Ihrem Besuch unserer Internetseite speichern, warum wir das tun und wann die Daten wieder gel\u00f6scht werden. Alle Informationen zu einer namentlichen oder identifizierbaren Person (wie z. B. der Name, die Adresse oder Telefonnummer, aber &hellip; <\/p>\n<p class=\"link-more\"><a href=\"https:\/\/asz-online.de\/index.php\/impressum\/datenschutzerklaerung\/\" class=\"more-link\"><span class=\"screen-reader-text\">\u201eDatenschutzerkl\u00e4rung\u201c <\/span>weiterlesen<\/a><\/p>\n","protected":false},"author":2,"featured_media":3291,"parent":43,"menu_order":0,"comment_status":"closed","ping_status":"closed","template":"","meta":[],"_links":{"self":[{"href":"https:\/\/asz-online.de\/index.php\/wp-json\/wp\/v2\/pages\/904"}],"collection":[{"href":"https:\/\/asz-online.de\/index.php\/wp-json\/wp\/v2\/pages"}],"about":[{"href":"https:\/\/asz-online.de\/index.php\/wp-json\/wp\/v2\/types\/page"}],"author":[{"embeddable":true,"href":"https:\/\/asz-online.de\/index.php\/wp-json\/wp\/v2\/users\/2"}],"replies":[{"embeddable":true,"href":"https:\/\/asz-online.de\/index.php\/wp-json\/wp\/v2\/comments?post=904"}],"version-history":[{"count":44,"href":"https:\/\/asz-online.de\/index.php\/wp-json\/wp\/v2\/pages\/904\/revisions"}],"predecessor-version":[{"id":3320,"href":"https:\/\/asz-online.de\/index.php\/wp-json\/wp\/v2\/pages\/904\/revisions\/3320"}],"up":[{"embeddable":true,"href":"https:\/\/asz-online.de\/index.php\/wp-json\/wp\/v2\/pages\/43"}],"wp:featuredmedia":[{"embeddable":true,"href":"https:\/\/asz-online.de\/index.php\/wp-json\/wp\/v2\/media\/3291"}],"wp:attachment":[{"href":"https:\/\/asz-online.de\/index.php\/wp-json\/wp\/v2\/media?parent=904"}],"curies":[{"name":"wp","href":"https:\/\/api.w.org\/{rel}","templated":true}]}}