{"id":9,"date":"2017-07-27T11:37:31","date_gmt":"2017-07-27T11:37:31","guid":{"rendered":"http:\/\/asz-online.com\/?page_id=9"},"modified":"2023-09-27T05:33:40","modified_gmt":"2023-09-27T05:33:40","slug":"anfahrt","status":"publish","type":"page","link":"https:\/\/asz-online.de\/index.php\/unternehmen\/anfahrt\/","title":{"rendered":"Anfahrt"},"content":{"rendered":"<div class=\"BorlabsCookie\"><div class=\"_brlbs-content-blocker\"> <div class=\"_brlbs-embed _brlbs-google-maps\"> <img class=\"_brlbs-thumbnail\" src=\"https:\/\/asz-online.de\/wp-content\/plugins\/borlabs-cookie\/images\/cb-maps.png\" alt=\"Google Maps\"> <div class=\"_brlbs-caption\"> <p>Mit dem Laden der Karte akzeptieren Sie die Datenschutzerkl\u00e4rung von Google.<br><a href=\"https:\/\/policies.google.com\/privacy\" target=\"_blank\" rel=\"nofollow noopener noreferrer\">Mehr erfahren<\/a><\/p> <p><a class=\"_brlbs-btn\" href=\"#\" data-borlabs-cookie-unblock role=\"button\">Karte laden<\/a><\/p> <p><label><input type=\"checkbox\" name=\"unblockAll\" value=\"1\" checked> <small>Google Maps immer entsperren<\/small><\/label><\/p> <\/div> <\/div> <\/div><div class=\"borlabs-hide\" data-borlabs-cookie-type=\"content-blocker\" data-borlabs-cookie-id=\"googlemaps\"><script type=\"text\/template\">PHA+PGlmcmFtZSBsb2FkaW5nPSJsYXp5IiBzdHlsZT0iYm9yZGVyOiAwOyIgc3JjPSJodHRwczovL3d3dy5nb29nbGUuY29tL21hcHMvZW1iZWQ\/cGI9ITFtMTghMW0xMiExbTMhMWQyNTAxLjk4NTY4MzM0NDY1MiEyZDEwLjU3NDAwMTMxNTkyMTY3ITNkNTEuMTY0MDUzMzQzNTY5NjIhMm0zITFmMCEyZjAhM2YwITNtMiExaTEwMjQhMmk3NjghNGYxMy4xITNtMyExbTIhMXMweDQ3YTQ4Yjc4NWQzZTJhMDclM0EweDM4NDE1MDY2ODljZTAyOTAhMnNIYXVwdHN0cmElQzMlOUZlKzQlMkMrOTk5OTErQWx0ZW5nb3R0ZXJuITVlMCEzbTIhMXNlbiEyc2RlITR2MTUwMTIzMDY4OTgyMCIgd2lkdGg9IjQwMCIgaGVpZ2h0PSIzMDAiIGZyYW1lYm9yZGVyPSIwIiBhbGxvd2Z1bGxzY3JlZW49ImFsbG93ZnVsbHNjcmVlbiI+PC9pZnJhbWU+PC9wPg==<\/script><\/div><\/div>\n<p>Arbeitsschutzzentrum in Th\u00fcringen<br \/>\nIngenieurb\u00fcro H\u00f6nl<br \/>\nAltengottern<br \/>\nHauptstra\u00dfe 4<br \/>\n99991 Unstrut-Hainich<\/p>\n<p>\u00c4rztehaus Arbeitsmedizin<br \/>\nAltengottern<br \/>\nHauptstra\u00dfe 71<br \/>\n99991 Unstrut-Hainich<\/p>\n<hr \/>\n<h2>\u00dcbersicht Betriebsgeb\u00e4ude<\/h2>\n<p><a href=\"https:\/\/asz-online.de\/wp-content\/uploads\/2023\/09\/Betriebsgebaeude_ASZ_2.jpg\" target=\"_blank\" rel=\"noopener\"><img decoding=\"async\" loading=\"lazy\" class=\"alignnone size-full wp-image-2536\" src=\"https:\/\/asz-online.de\/wp-content\/uploads\/2023\/09\/Betriebsgebaeude_ASZ_1.jpg\" alt=\"\" width=\"600\" height=\"427\" srcset=\"https:\/\/asz-online.de\/wp-content\/uploads\/2023\/09\/Betriebsgebaeude_ASZ_1.jpg 600w, https:\/\/asz-online.de\/wp-content\/uploads\/2023\/09\/Betriebsgebaeude_ASZ_1-300x214.jpg 300w\" sizes=\"(max-width: 600px) 100vw, 600px\" \/><\/a><\/p>\n<hr \/>\n<h2>Arbeitsmedizinische Praxis Erfurt<\/h2>\n<div class=\"BorlabsCookie\"><div class=\"_brlbs-content-blocker\"> <div class=\"_brlbs-embed _brlbs-google-maps\"> <img class=\"_brlbs-thumbnail\" src=\"https:\/\/asz-online.de\/wp-content\/plugins\/borlabs-cookie\/images\/cb-maps.png\" alt=\"Google Maps\"> <div class=\"_brlbs-caption\"> <p>Mit dem Laden der Karte akzeptieren Sie die Datenschutzerkl\u00e4rung von Google.<br><a href=\"https:\/\/policies.google.com\/privacy\" target=\"_blank\" rel=\"nofollow noopener noreferrer\">Mehr erfahren<\/a><\/p> <p><a class=\"_brlbs-btn\" href=\"#\" data-borlabs-cookie-unblock role=\"button\">Karte laden<\/a><\/p> <p><label><input type=\"checkbox\" name=\"unblockAll\" value=\"1\" checked> <small>Google Maps immer entsperren<\/small><\/label><\/p> <\/div> <\/div> <\/div><div class=\"borlabs-hide\" data-borlabs-cookie-type=\"content-blocker\" data-borlabs-cookie-id=\"googlemaps\"><script type=\"text\/template\">PHA+PGlmcmFtZSBsb2FkaW5nPSJsYXp5IiBzdHlsZT0iYm9yZGVyOiAwOyIgc3JjPSJodHRwczovL3d3dy5nb29nbGUuY29tL21hcHMvZW1iZWQ\/cGI9ITFtMTQhMW04ITFtMyExZDEwMDQ4LjYzOTEwNDQ5MjE0NyEyZDEwLjk1Mzc1NTQ2NDU4MTQ2MiEzZDUwLjk3NjIzNzI1NjM2ODYzITNtMiExaTEwMjQhMmk3NjghNGYxMy4xITNtMyExbTIhMXMweDAlM0EweDlmYzIzMzI5MzEzNDljMWIhMnNGbHVnaGFmZW4rRXJmdXJ0K1dlaW1hcisoRVJGKSE1ZTAhM20yITFzZGUhMnNkZSE0djE1MDEyNDA4NTU2NjAiIHdpZHRoPSI0MDAiIGhlaWdodD0iMzAwIiBmcmFtZWJvcmRlcj0iMCIgYWxsb3dmdWxsc2NyZWVuPSJhbGxvd2Z1bGxzY3JlZW4iPjwvaWZyYW1lPjwvcD4=<\/script><\/div><\/div>\n<p>ASZ &#8211; Arbeitsmedizinische Praxis<br \/>\nFlughafengel\u00e4nde Erfurt-Weimar<br \/>\nBinderslebener Landstra\u00dfe \/ Betriebsgeb\u00e4ude 13<br \/>\n99092 Erfurt<\/p>\n<p><img decoding=\"async\" loading=\"lazy\" class=\"alignnone wp-image-299 size-full\" src=\"https:\/\/asz-online.de\/wp-content\/uploads\/2017\/07\/am_erfurt.jpg\" alt=\"\" width=\"400\" height=\"287\" srcset=\"https:\/\/asz-online.de\/wp-content\/uploads\/2017\/07\/am_erfurt.jpg 400w, https:\/\/asz-online.de\/wp-content\/uploads\/2017\/07\/am_erfurt-300x215.jpg 300w\" sizes=\"(max-width: 400px) 100vw, 400px\" \/><\/p>\n","protected":false},"excerpt":{"rendered":"<p>Mit dem Laden der Karte akzeptieren Sie die Datenschutzerkl\u00e4rung von Google.Mehr erfahren Karte laden Google Maps immer entsperren Arbeitsschutzzentrum in Th\u00fcringen Ingenieurb\u00fcro H\u00f6nl Altengottern Hauptstra\u00dfe 4 99991 Unstrut-Hainich \u00c4rztehaus Arbeitsmedizin Altengottern Hauptstra\u00dfe 71 99991 Unstrut-Hainich \u00dcbersicht Betriebsgeb\u00e4ude Arbeitsmedizinische Praxis Erfurt Mit dem Laden der Karte akzeptieren Sie die Datenschutzerkl\u00e4rung von Google.Mehr erfahren Karte laden Google &hellip; <\/p>\n<p class=\"link-more\"><a href=\"https:\/\/asz-online.de\/index.php\/unternehmen\/anfahrt\/\" class=\"more-link\"><span class=\"screen-reader-text\">\u201eAnfahrt\u201c <\/span>weiterlesen<\/a><\/p>\n","protected":false},"author":1,"featured_media":1844,"parent":41,"menu_order":0,"comment_status":"closed","ping_status":"closed","template":"","meta":[],"_links":{"self":[{"href":"https:\/\/asz-online.de\/index.php\/wp-json\/wp\/v2\/pages\/9"}],"collection":[{"href":"https:\/\/asz-online.de\/index.php\/wp-json\/wp\/v2\/pages"}],"about":[{"href":"https:\/\/asz-online.de\/index.php\/wp-json\/wp\/v2\/types\/page"}],"author":[{"embeddable":true,"href":"https:\/\/asz-online.de\/index.php\/wp-json\/wp\/v2\/users\/1"}],"replies":[{"embeddable":true,"href":"https:\/\/asz-online.de\/index.php\/wp-json\/wp\/v2\/comments?post=9"}],"version-history":[{"count":30,"href":"https:\/\/asz-online.de\/index.php\/wp-json\/wp\/v2\/pages\/9\/revisions"}],"predecessor-version":[{"id":2541,"href":"https:\/\/asz-online.de\/index.php\/wp-json\/wp\/v2\/pages\/9\/revisions\/2541"}],"up":[{"embeddable":true,"href":"https:\/\/asz-online.de\/index.php\/wp-json\/wp\/v2\/pages\/41"}],"wp:featuredmedia":[{"embeddable":true,"href":"https:\/\/asz-online.de\/index.php\/wp-json\/wp\/v2\/media\/1844"}],"wp:attachment":[{"href":"https:\/\/asz-online.de\/index.php\/wp-json\/wp\/v2\/media?parent=9"}],"curies":[{"name":"wp","href":"https:\/\/api.w.org\/{rel}","templated":true}]}}