{"id":8,"date":"2017-07-27T11:37:31","date_gmt":"2017-07-27T11:37:31","guid":{"rendered":"http:\/\/asz-online.com\/?page_id=8"},"modified":"2026-02-06T05:56:37","modified_gmt":"2026-02-06T05:56:37","slug":"arbeitsmedizin","status":"publish","type":"page","link":"https:\/\/asz-online.de\/index.php\/dienstleistungen\/arbeitsmedizin\/","title":{"rendered":"Arbeitsmedizin"},"content":{"rendered":"<p>Gem\u00e4\u00df Arbeitssicherheitsgesetz sind Arbeitgeber verpflichtet einen Betriebsarzt zu bestellen, der die Mitarbeiter beim Arbeits- und Gesundheitsschutz ber\u00e4t und unterst\u00fctzt. Der Arbeitgeber und die sonst f\u00fcr den Arbeitsschutz und die Unfallverh\u00fctung verantwortlichen Personen sind durch den Betriebsarzt zu beraten.<\/p>\n<p>Gerne \u00fcbernimmt unsere arbeitsmedizinische Praxis die arbeitsmedizinischen Betreuungsaufgaben als \u00fcberbetrieblicher Dienst auch f\u00fcr Ihr Unternehmen.<\/p>\n<h2>Unser arbeitsmedizinisches Leistungsangebot umfasst folgende Bereiche:<\/h2>\n<ul>\n<li>arbeitsmedizinische Betreuung nach DGUV-V2 \/ VSG 1.2<br \/>\nals \u00fcberbetrieblicher Dienst<\/li>\n<li>Beurteilung von Arbeitsbedingungen<\/li>\n<li>Unterst\u00fctzung beim betrieblichen Gesundheitsmanagement<\/li>\n<li>Unterst\u00fctzung beim betrieblichen Eingliederungsmanagement<\/li>\n<li>alle Feuerwehruntersuchungen<\/li>\n<li>alle Untersuchungen zur F\u00fchrerscheinverl\u00e4ngerung nach FeV, Anlage 5, Nr. 2 sowie \u00a7\u00a710, 11, 13 &amp; 14 FeV<\/li>\n<\/ul>\n<div class=\"BorlabsCookie\">\n<div class=\"_brlbs-content-blocker\">\n<div class=\"_brlbs-embed _brlbs-video-youtube\"> <img decoding=\"async\" class=\"_brlbs-thumbnail\" src=\"https:\/\/asz-online.de\/wp-content\/plugins\/borlabs-cookie\/images\/cb-no-thumbnail.png\" alt=\"YouTube\"> <\/p>\n<div class=\"_brlbs-caption\">\n<p>Mit dem Laden des Videos akzeptieren Sie die Datenschutzerkl\u00e4rung von YouTube.<br \/><a href=\"https:\/\/policies.google.com\/privacy\" target=\"_blank\" rel=\"nofollow noopener noreferrer\">Mehr erfahren<\/a><\/p>\n<p><a class=\"_brlbs-btn _brlbs-icon-play-white\" href=\"#\" data-borlabs-cookie-unblock role=\"button\">Video laden<\/a><\/p>\n<p><label><input type=\"checkbox\" name=\"unblockAll\" value=\"1\" checked> <small>YouTube immer entsperren<\/small><\/label><\/p>\n<\/p><\/div>\n<\/p><\/div>\n<\/p><\/div>\n<div class=\"borlabs-hide\" data-borlabs-cookie-type=\"content-blocker\" data-borlabs-cookie-id=\"youtube\"><script type=\"text\/template\">PGlmcmFtZSB0aXRsZT0iQXJiZWl0c21lZGl6aW5pc2NoZSBVbnRlcnN1Y2h1bmcgJmFtcDsgQmVnZWh1bmcgaW0gQXV0b2hhdXMgR2xpbmlja2UiIHdpZHRoPSI1MjUiIGhlaWdodD0iMjk1IiBzcmM9Imh0dHBzOi8vd3d3LnlvdXR1YmUtbm9jb29raWUuY29tL2VtYmVkL2JEeUdWUDIxa2JRP2ZlYXR1cmU9b2VtYmVkIiBmcmFtZWJvcmRlcj0iMCIgYWxsb3c9ImFjY2VsZXJvbWV0ZXI7IGF1dG9wbGF5OyBjbGlwYm9hcmQtd3JpdGU7IGVuY3J5cHRlZC1tZWRpYTsgZ3lyb3Njb3BlOyBwaWN0dXJlLWluLXBpY3R1cmU7IHdlYi1zaGFyZSIgcmVmZXJyZXJwb2xpY3k9InN0cmljdC1vcmlnaW4td2hlbi1jcm9zcy1vcmlnaW4iIGFsbG93ZnVsbHNjcmVlbj48L2lmcmFtZT4=<\/script><\/div>\n<\/div>\n<h3>Kontakt f\u00fcr Fragen zur arbeitsmedizinischen Betreuung:<\/h3>\n<p><strong>Arbeitsschutzzentrum in Th\u00fcringen<\/strong><br \/>\n<strong>\u00c4rztehaus Arbeitsmedizin<\/strong><br \/>\nAltengottern<br \/>\nHauptstra\u00dfe 71<br \/>\n99991 Unstrut-Hainich<br \/>\nTel.: 036022 \/ 18 800<br \/>\nFax: 036022 \/ 18 80 24<br \/>\nEmail: info@arbeitsschutzzentrum.de<\/p>\n<p><strong>Arbeitsmedizinische Praxis Erfurt<\/strong><br \/>\nFlughafengel\u00e4nde Erfurt-Weimar<br \/>\nBinderslebener Landstra\u00dfe \/ Betriebsgeb\u00e4ude 13<br \/>\n99092 Erfurt<br \/>\nTel.: 0361 \/ 65 31 38 38\u00a0 |\u00a0 036022 \/ 18 800<\/p>\n<hr \/>\n<p>Ein Formular f\u00fcr ein unverbindliches Angebot k\u00f6nnen Sie sich hier als PDF downloaden und uns ausgef\u00fcllt per Fax, Brief oder Mail zusenden.<\/p>\n<p><a href=\"https:\/\/asz-online.de\/wp-content\/uploads\/2026\/02\/Angebot_AS_AM_BS_GG_20260203.pdf\" target=\"_blank\" rel=\"noopener\"><strong><span style=\"color: #ff0000;\">Download Angebotsformular f\u00fcr sicherheitstechnische und arbeitsmedizinische Betreuung<\/span><\/strong><\/a><\/p>\n<hr \/>\n<h2>Die arbeitsmedizinischen Untersuchungen finden statt:<\/h2>\n<p><strong>\u00c4rztehaus Arbeitsmedizin in Altengottern<\/strong><\/p>\n<figure id=\"attachment_2857\" aria-describedby=\"caption-attachment-2857\" style=\"width: 1048px\" class=\"wp-caption alignnone\"><img decoding=\"async\" loading=\"lazy\" class=\"wp-image-2857 size-full\" src=\"https:\/\/asz-online.de\/wp-content\/uploads\/2024\/11\/amed_04.jpg\" alt=\"\" width=\"1048\" height=\"587\" srcset=\"https:\/\/asz-online.de\/wp-content\/uploads\/2024\/11\/amed_04.jpg 1048w, https:\/\/asz-online.de\/wp-content\/uploads\/2024\/11\/amed_04-300x168.jpg 300w, https:\/\/asz-online.de\/wp-content\/uploads\/2024\/11\/amed_04-1024x574.jpg 1024w, https:\/\/asz-online.de\/wp-content\/uploads\/2024\/11\/amed_04-768x430.jpg 768w\" sizes=\"(max-width: 767px) 89vw, (max-width: 1000px) 54vw, (max-width: 1071px) 543px, 580px\" \/><figcaption id=\"caption-attachment-2857\" class=\"wp-caption-text\">Unsere modernen Praxisr\u00e4ume in Altengottern sind f\u00fcr jedes arbeitsmedizinische Problem ger\u00fcstet.<\/figcaption><\/figure>\n<p><strong>Arbeitsmedizinische Praxis in Erfurt<\/strong><\/p>\n<figure id=\"attachment_528\" aria-describedby=\"caption-attachment-528\" style=\"width: 600px\" class=\"wp-caption alignnone\"><img decoding=\"async\" loading=\"lazy\" class=\"wp-image-528 size-full\" src=\"https:\/\/asz-online.de\/wp-content\/uploads\/2017\/08\/am_erfurt_2.jpg\" alt=\"\" width=\"600\" height=\"418\" srcset=\"https:\/\/asz-online.de\/wp-content\/uploads\/2017\/08\/am_erfurt_2.jpg 600w, https:\/\/asz-online.de\/wp-content\/uploads\/2017\/08\/am_erfurt_2-300x209.jpg 300w\" sizes=\"(max-width: 600px) 100vw, 600px\" \/><figcaption id=\"caption-attachment-528\" class=\"wp-caption-text\">Unsere Arbeitsmedizinische Praxis in Erfurt befindet sich auf dem Flughafengel\u00e4nde Erfurt-Weimar.<\/figcaption><\/figure>\n<p><strong>In Ihrem Unternehmen<\/strong><\/p>\n<figure id=\"attachment_3381\" aria-describedby=\"caption-attachment-3381\" style=\"width: 767px\" class=\"wp-caption alignnone\"><img decoding=\"async\" loading=\"lazy\" class=\"wp-image-3381 size-full\" src=\"https:\/\/asz-online.de\/wp-content\/uploads\/2026\/02\/amed_fahrzeug.jpg\" alt=\"\" width=\"767\" height=\"460\" srcset=\"https:\/\/asz-online.de\/wp-content\/uploads\/2026\/02\/amed_fahrzeug.jpg 767w, https:\/\/asz-online.de\/wp-content\/uploads\/2026\/02\/amed_fahrzeug-300x180.jpg 300w\" sizes=\"(max-width: 767px) 89vw, (max-width: 1000px) 54vw, (max-width: 1071px) 543px, 580px\" \/><figcaption id=\"caption-attachment-3381\" class=\"wp-caption-text\">Dank unserer modernen Einsatzfahrzeuge k\u00f6nnen arbeitsmedizinische Untersuchungen auch bei Ihnen vor Ort durchgef\u00fchrt werden.<\/figcaption><\/figure>\n","protected":false},"excerpt":{"rendered":"<p>Gem\u00e4\u00df Arbeitssicherheitsgesetz sind Arbeitgeber verpflichtet einen Betriebsarzt zu bestellen, der die Mitarbeiter beim Arbeits- und Gesundheitsschutz ber\u00e4t und unterst\u00fctzt. Der Arbeitgeber und die sonst f\u00fcr den Arbeitsschutz und die Unfallverh\u00fctung verantwortlichen Personen sind durch den Betriebsarzt zu beraten. Gerne \u00fcbernimmt unsere arbeitsmedizinische Praxis die arbeitsmedizinischen Betreuungsaufgaben als \u00fcberbetrieblicher Dienst auch f\u00fcr Ihr Unternehmen. Unser arbeitsmedizinisches &hellip; <\/p>\n<p class=\"link-more\"><a href=\"https:\/\/asz-online.de\/index.php\/dienstleistungen\/arbeitsmedizin\/\" class=\"more-link\"><span class=\"screen-reader-text\">\u201eArbeitsmedizin\u201c <\/span>weiterlesen<\/a><\/p>\n","protected":false},"author":1,"featured_media":3227,"parent":190,"menu_order":0,"comment_status":"closed","ping_status":"closed","template":"","meta":[],"_links":{"self":[{"href":"https:\/\/asz-online.de\/index.php\/wp-json\/wp\/v2\/pages\/8"}],"collection":[{"href":"https:\/\/asz-online.de\/index.php\/wp-json\/wp\/v2\/pages"}],"about":[{"href":"https:\/\/asz-online.de\/index.php\/wp-json\/wp\/v2\/types\/page"}],"author":[{"embeddable":true,"href":"https:\/\/asz-online.de\/index.php\/wp-json\/wp\/v2\/users\/1"}],"replies":[{"embeddable":true,"href":"https:\/\/asz-online.de\/index.php\/wp-json\/wp\/v2\/comments?post=8"}],"version-history":[{"count":63,"href":"https:\/\/asz-online.de\/index.php\/wp-json\/wp\/v2\/pages\/8\/revisions"}],"predecessor-version":[{"id":3385,"href":"https:\/\/asz-online.de\/index.php\/wp-json\/wp\/v2\/pages\/8\/revisions\/3385"}],"up":[{"embeddable":true,"href":"https:\/\/asz-online.de\/index.php\/wp-json\/wp\/v2\/pages\/190"}],"wp:featuredmedia":[{"embeddable":true,"href":"https:\/\/asz-online.de\/index.php\/wp-json\/wp\/v2\/media\/3227"}],"wp:attachment":[{"href":"https:\/\/asz-online.de\/index.php\/wp-json\/wp\/v2\/media?parent=8"}],"curies":[{"name":"wp","href":"https:\/\/api.w.org\/{rel}","templated":true}]}}