{"id":47,"date":"2017-07-28T04:52:30","date_gmt":"2017-07-28T04:52:30","guid":{"rendered":"http:\/\/asz-online.com\/?page_id=47"},"modified":"2026-04-17T05:39:40","modified_gmt":"2026-04-17T05:39:40","slug":"ersthelferausbildung-azh","status":"publish","type":"page","link":"https:\/\/asz-online.de\/index.php\/ersthelferausbildung-azh\/","title":{"rendered":"Ersthelferausbildung (AZH)"},"content":{"rendered":"<p><img decoding=\"async\" loading=\"lazy\" class=\"alignnone wp-image-140 size-full\" src=\"https:\/\/asz-online.de\/wp-content\/uploads\/2017\/07\/azh_LOGO_web.png\" alt=\"\" width=\"400\" height=\"203\" srcset=\"https:\/\/asz-online.de\/wp-content\/uploads\/2017\/07\/azh_LOGO_web.png 400w, https:\/\/asz-online.de\/wp-content\/uploads\/2017\/07\/azh_LOGO_web-300x152.png 300w\" sizes=\"(max-width: 400px) 100vw, 400px\" \/><\/p>\n<p>Laut \u00a7 4 DGUV Vorschrift 1 m\u00fcssen Betriebsangeh\u00f6rige regelm\u00e4\u00dfig &#8211; mindestens einmal j\u00e4hrlich &#8211; \u00fcber die Erste-Hilfe-Einrichtungen und das richtige Verhalten bei Unf\u00e4llen und akuten Erkrankungen im Betrieb unterwiesen werden.<\/p>\n<p>Folgende Themen sind dabei zu behandeln :<\/p>\n<ul>\n<li>Welche Kollegen\/Personen sind Ersthelfer?<\/li>\n<li>Wo und wie soll bei einem Unfall der Notruf abgesetzt werden?<\/li>\n<li>Wem muss ich einen Unfall melden?<\/li>\n<li>Wo befindet sich Erste-Hilfe-Material?<\/li>\n<li>Was muss ich bei einem Arbeitsunfall tun?<\/li>\n<li>Welche \u00c4rzte sind nach einem Arbeitsunfall aufzusuchen?<\/li>\n<li>Wie und durch wen werden die Erste-Hilfe-Leistungen dokumentiert?<\/li>\n<li>Welche Pflichten hat jeder im Bezug auf die Erste Hilfe?<\/li>\n<\/ul>\n<p>Nicht zu vergessen, die Informationen \u00fcber die Erreichbarkeit von Betriebssanit\u00e4tern und die Standorte von Erste-Hilfe-Einrichtungen wie Erste-Hilfe-Raum, Krankentragen und Meldeeinrichtungen.<\/p>\n<hr \/>\n<h2>Unser Kursangebot<\/h2>\n<ul>\n<li>Kurse in Erster Hilfe<\/li>\n<li>Aus- u. Fortbildungen f\u00fcr Firmen, Verwaltungen, Dienstleistungsunternehmen<\/li>\n<li>Aus- u. Fortbildungen f\u00fcr p\u00e4d. Fachkr\u00e4fte<\/li>\n<li>Erste-Hilfe-Ausbildung f\u00fcr den F\u00fchrerschein<\/li>\n<li>Elternkurse u. Workshops zu Unfallpr\u00e4vention \/ Kindersicherheit und Erste Hilfe<\/li>\n<li>Erste Hilfe am Kind (4 Std. \/ Selbstzahler-Kurs)<\/li>\n<li>Babysitterausbildung<\/li>\n<\/ul>\n<p><img decoding=\"async\" loading=\"lazy\" class=\"alignnone size-full wp-image-2935\" src=\"https:\/\/asz-online.de\/wp-content\/uploads\/2024\/11\/azh-eh.jpg\" alt=\"\" width=\"800\" height=\"428\" srcset=\"https:\/\/asz-online.de\/wp-content\/uploads\/2024\/11\/azh-eh.jpg 800w, https:\/\/asz-online.de\/wp-content\/uploads\/2024\/11\/azh-eh-300x161.jpg 300w, https:\/\/asz-online.de\/wp-content\/uploads\/2024\/11\/azh-eh-768x411.jpg 768w\" sizes=\"(max-width: 767px) 89vw, (max-width: 1000px) 54vw, (max-width: 1071px) 543px, 580px\" \/><\/p>\n<hr \/>\n<h2>Schulungstermine 2026 in Altengottern<\/h2>\n<p>Bitte beachten Sie, dass es unter Umst\u00e4nden zu Absagen von Schulungsterminen kommen kann. Wir werden Sie auf unserer Homepage rechtzeitig dar\u00fcber informieren. Wir bitten um Ihr Verst\u00e4ndnis.<\/p>\n<p><strong>Die Schulungen finden statt im:<\/strong><br \/>\nArbeitsschutzzentrum in Th\u00fcringen<br \/>\nAltengottern<br \/>\nHauptstra\u00dfe 4<br \/>\n99991 Unstrut Hainich<\/p>\n<p><strong>Ersthelfer(in)<\/strong><\/p>\n<p><span style=\"color: #ff0000;\"><strong>Kurs 3: 05.06.2026: Ausgebucht!<\/strong><\/span><br \/>\n<span style=\"color: #ff0000;\"><strong>Kurs 4: 18.06.2026: Ausgebucht!<\/strong><\/span><br \/>\nKurs 5: 24.09.2026<br \/>\nKurs 6: 12.11.2026<br \/>\nKurs 7: 27.11.2026<\/p>\n<p>Beginn: 08:00 Uhr<br \/>\nEnde ca.: 16:00 Uhr<\/p>\n<p><a href=\"https:\/\/asz-online.de\/wp-content\/uploads\/2026\/01\/Anmeldeformular-Ersthelfer_ASZ_26_b.pdf\" target=\"_blank\" rel=\"noopener\"><strong><span style=\"color: #ff0000;\">Download Anmeldeformular<\/span><\/strong><\/a><\/p>\n<hr \/>\n<p>Die Kursgeb\u00fchren k\u00f6nnen von der Berufsgenossenschaft \u00fcbernommen werden, wenn Sie das entsprechende BG-Formular ausgef\u00fcllt mitbringen. Dieses l\u00e4sst sich direkt am Bildschirm ausf\u00fcllen. Eine kurze Anleitung f\u00fcr das richtige Ausf\u00fcllen des Formulars finden Sie hier:<\/p>\n<p><strong><span style=\"color: #ff0000;\"><a style=\"color: #ff0000;\" href=\"https:\/\/asz-online.de\/wp-content\/uploads\/2024\/01\/Anleitung-BG-Formular.pdf\" target=\"_blank\" rel=\"noopener\">Download Anleitung BG-Formular<\/a><\/span><br \/>\n<\/strong><\/p>\n<p>Sie finden das Formular auf <a href=\"https:\/\/www.dguv.de\/de\/bg-uk-lv\/bgen\/index.jsp\" target=\"_blank\" rel=\"noopener\"><span style=\"color: #ff0000;\"><strong>der jeweiligen Homepage Ihrer BG.<\/strong><\/span><\/a><br \/>\n<strong>Hinweis:<\/strong> Einige Berufsgenossenschaften bieten auf Ihren Homepages alternativ auch ein eigenes Online-Verfahren zur Kosten\u00fcbernahme an. Bitte befolgen Sie in diesem Fall die entsprechenden Anweisungen auf der jeweiligen Homepage.<\/p>\n<hr \/>\n<h2>Kontakt f\u00fcr Schulungsfragen:<\/h2>\n<p>Frau Vanessa Schuchert<br \/>\nTel.: 036022 \/ 18 00 16<br \/>\nMail: bildungsakademie@asz-online.de<\/p>\n","protected":false},"excerpt":{"rendered":"<p>Laut \u00a7 4 DGUV Vorschrift 1 m\u00fcssen Betriebsangeh\u00f6rige regelm\u00e4\u00dfig &#8211; mindestens einmal j\u00e4hrlich &#8211; \u00fcber die Erste-Hilfe-Einrichtungen und das richtige Verhalten bei Unf\u00e4llen und akuten Erkrankungen im Betrieb unterwiesen werden. Folgende Themen sind dabei zu behandeln : Welche Kollegen\/Personen sind Ersthelfer? Wo und wie soll bei einem Unfall der Notruf abgesetzt werden? Wem muss ich &hellip; <\/p>\n<p class=\"link-more\"><a href=\"https:\/\/asz-online.de\/index.php\/ersthelferausbildung-azh\/\" class=\"more-link\"><span class=\"screen-reader-text\">\u201eErsthelferausbildung (AZH)\u201c <\/span>weiterlesen<\/a><\/p>\n","protected":false},"author":2,"featured_media":3297,"parent":0,"menu_order":0,"comment_status":"closed","ping_status":"closed","template":"","meta":[],"_links":{"self":[{"href":"https:\/\/asz-online.de\/index.php\/wp-json\/wp\/v2\/pages\/47"}],"collection":[{"href":"https:\/\/asz-online.de\/index.php\/wp-json\/wp\/v2\/pages"}],"about":[{"href":"https:\/\/asz-online.de\/index.php\/wp-json\/wp\/v2\/types\/page"}],"author":[{"embeddable":true,"href":"https:\/\/asz-online.de\/index.php\/wp-json\/wp\/v2\/users\/2"}],"replies":[{"embeddable":true,"href":"https:\/\/asz-online.de\/index.php\/wp-json\/wp\/v2\/comments?post=47"}],"version-history":[{"count":187,"href":"https:\/\/asz-online.de\/index.php\/wp-json\/wp\/v2\/pages\/47\/revisions"}],"predecessor-version":[{"id":3432,"href":"https:\/\/asz-online.de\/index.php\/wp-json\/wp\/v2\/pages\/47\/revisions\/3432"}],"wp:featuredmedia":[{"embeddable":true,"href":"https:\/\/asz-online.de\/index.php\/wp-json\/wp\/v2\/media\/3297"}],"wp:attachment":[{"href":"https:\/\/asz-online.de\/index.php\/wp-json\/wp\/v2\/media?parent=47"}],"curies":[{"name":"wp","href":"https:\/\/api.w.org\/{rel}","templated":true}]}}