{"id":43,"date":"2017-07-28T04:50:02","date_gmt":"2017-07-28T04:50:02","guid":{"rendered":"http:\/\/asz-online.com\/?page_id=43"},"modified":"2026-04-16T06:32:03","modified_gmt":"2026-04-16T06:32:03","slug":"impressum","status":"publish","type":"page","link":"https:\/\/asz-online.de\/index.php\/impressum\/","title":{"rendered":"Impressum"},"content":{"rendered":"<p><img decoding=\"async\" loading=\"lazy\" class=\"alignnone size-full wp-image-554\" src=\"https:\/\/asz-online.de\/wp-content\/uploads\/2017\/08\/logo_foot.png\" alt=\"\" width=\"200\" height=\"103\" \/><\/p>\n<p>Arbeitsschutzzentrum in Th\u00fcringen<br \/>\nAltengottern<br \/>\nHauptstra\u00dfe 4<br \/>\nD &#8211; 99991 Unstrut-Hainich<\/p>\n<p>Gesch\u00e4ftsinhaber: Christian H\u00f6nl<\/p>\n<p>Tel.: +49 (0) 36022 \/ 18 000<br \/>\nFax: +49 (0) 36022 \/ 18 00 34<\/p>\n<p>Email: sekretariat@arbeitsschutzzentrum.de<\/p>\n<p>Steuernummer: 157\/232\/11961<\/p>\n<p><span style=\"color: #ff0000;\"><a style=\"color: #ff0000;\" href=\"https:\/\/asz-online.de\/index.php\/impressum\/datenschutzerklaerung\/\"><strong>DATENSCHUTZERKL\u00c4RUNG<\/strong><\/a><\/span><\/p>\n<h3>Bildquellen:<\/h3>\n<p>ASZ-Archiv<br \/>\nPixabay<\/p>\n<h3>Videos:<\/h3>\n<p>Unternehmensfilme: Hannes H\u00e4hnlein<\/p>\n<h3>Website-Generator:<\/h3>\n<p><span style=\"color: #ff0000;\"><a style=\"color: #ff0000;\" href=\"https:\/\/de.wordpress.org\/\" target=\"_blank\" rel=\"noopener noreferrer\"><strong>WordPress<\/strong><\/a><\/span><\/p>\n<h3>Haftungsausschluss:<\/h3>\n<p>Das Arbeitsschutzzentrum (ASZ) in Th\u00fcringen \u00fcbernimmt keine Gew\u00e4hr f\u00fcr die Aktualit\u00e4t, Qualit\u00e4t, Richtigkeit oder Vollst\u00e4ndigkeit der bereitgestellten Informationen und macht sich den Inhalt, der innerhalb dieses Angebots per Hyperlinks zug\u00e4nglich gemachten fremden Webseiten ausdr\u00fccklich nicht zu eigen und kann deshalb f\u00fcr deren inhaltliche Korrektheit, Vollst\u00e4ndigkeit und Verf\u00fcgbarkeit keine Gew\u00e4hr \u00fcbernehmen. Das ASZ in Th\u00fcringen hat keinen Einfluss auf die aktuelle und zuk\u00fcnftige Gestaltung sowie auf den Inhalt der verlinkten Webseiten.<\/p>\n<h3>Copyrights und Datenschutz:<\/h3>\n<p>S\u00e4mtliche Inhalte dieser Webseite, insbesondere Logos, Bilder, Texte, Grafiken und Animationen unterliegen dem Urheberrecht und den Gesetzen zum Schutz des geistigen Eigentums.<br \/>\nDer Schutz Ihrer personenbezogenen Daten (pbD) anl\u00e4sslich Ihres Besuchs auf unserer Homepage ist uns ein wichtiges Anliegen. Ihre Daten werden im Rahmen der gesetzl. Vorschriften gesch\u00fctzt. Nachfolgend finden Sie Informationen, welche Daten w\u00e4hrend Ihres Besuchs auf der Homepage erfasst und wie diese genutzt werden:<\/p>\n<p>1. Erhebung und Verarbeitung von Daten:<\/p>\n<p>Jeder Zugriff auf unsere Homepage und jeder Abruf einer hinterlegten Datei wird protokolliert. Die Speicherung dient internen systembezogenen und statistischen Zwecken. Protokolliert werden: Name der abgerufenen Datei, Datum und Uhrzeit des Abrufs, \u00fcbertragene Datenmenge, Meldung \u00fcber erfolgreichen Abruf, Webbrowser und anfragende Domain. Zus\u00e4tzlich werden die IP Adressen der anfragenden Rechner protokolliert. Weitergehende pbD werden nur erfasst, wenn Sie diese Angaben freiwillig machen.<\/p>\n<p>2. Nutzung und Weitergabe pbD:<\/p>\n<p>Soweit Sie uns pbD zur Verf\u00fcgung gestellt haben, verwenden wir diese nur zur Beantwortung Ihrer Anfragen, zur Abwicklung geschlossener Vertr\u00e4ge und f\u00fcr die techn. Administration. Ihre pbD werden an Dritte nur weitergegeben oder sonst \u00fcbermittelt, wenn dies zum Zwecke der Vertragsabwicklung oder zu Abrechnungszwecken erforderlich ist bzw. Sie zuvor eingewilligt haben. Sie haben das Recht, eine erteilte Einwilligung mit Wirkung f\u00fcr die Zukunft jederzeit zu widerrufen. Die L\u00f6schung der gespeicherten pbD erfolgt, wenn Sie Ihre Einwilligung zur Speicherung widerrufen, wenn ihre Kenntnis zur Erf\u00fcllung des mit der Speicherung verfolgten Zwecks nicht mehr erforderlich ist oder wenn ihre Speicherung aus sonstigen gesetzlichen Gr\u00fcnden unzul\u00e4ssig ist.<\/p>\n<p>3. Auskunftsrecht:<\/p>\n<p>Auf schriftliche Anfrage werden wir Sie gern \u00fcber die zu Ihrer Person gespeicherten Daten informieren. Wir sind bem\u00fcht, Ihre pbD durch Ergreifung aller techn. und organisatorischen M\u00f6glichkeiten so zu speichern, dass sie f\u00fcr Dritte nicht zug\u00e4nglich sind. Bei der Kommunikation per E-Mail kann die vollst\u00e4ndige Datensicherheit von uns nicht gew\u00e4hrleistet werden.<\/p>\n","protected":false},"excerpt":{"rendered":"<p>Arbeitsschutzzentrum in Th\u00fcringen Altengottern Hauptstra\u00dfe 4 D &#8211; 99991 Unstrut-Hainich Gesch\u00e4ftsinhaber: Christian H\u00f6nl Tel.: +49 (0) 36022 \/ 18 000 Fax: +49 (0) 36022 \/ 18 00 34 Email: sekretariat@arbeitsschutzzentrum.de Steuernummer: 157\/232\/11961 DATENSCHUTZERKL\u00c4RUNG Bildquellen: ASZ-Archiv Pixabay Videos: Unternehmensfilme: Hannes H\u00e4hnlein Website-Generator: WordPress Haftungsausschluss: Das Arbeitsschutzzentrum (ASZ) in Th\u00fcringen \u00fcbernimmt keine Gew\u00e4hr f\u00fcr die Aktualit\u00e4t, Qualit\u00e4t, &hellip; <\/p>\n<p class=\"link-more\"><a href=\"https:\/\/asz-online.de\/index.php\/impressum\/\" class=\"more-link\"><span class=\"screen-reader-text\">\u201eImpressum\u201c <\/span>weiterlesen<\/a><\/p>\n","protected":false},"author":2,"featured_media":0,"parent":0,"menu_order":0,"comment_status":"closed","ping_status":"closed","template":"","meta":[],"_links":{"self":[{"href":"https:\/\/asz-online.de\/index.php\/wp-json\/wp\/v2\/pages\/43"}],"collection":[{"href":"https:\/\/asz-online.de\/index.php\/wp-json\/wp\/v2\/pages"}],"about":[{"href":"https:\/\/asz-online.de\/index.php\/wp-json\/wp\/v2\/types\/page"}],"author":[{"embeddable":true,"href":"https:\/\/asz-online.de\/index.php\/wp-json\/wp\/v2\/users\/2"}],"replies":[{"embeddable":true,"href":"https:\/\/asz-online.de\/index.php\/wp-json\/wp\/v2\/comments?post=43"}],"version-history":[{"count":33,"href":"https:\/\/asz-online.de\/index.php\/wp-json\/wp\/v2\/pages\/43\/revisions"}],"predecessor-version":[{"id":3430,"href":"https:\/\/asz-online.de\/index.php\/wp-json\/wp\/v2\/pages\/43\/revisions\/3430"}],"wp:attachment":[{"href":"https:\/\/asz-online.de\/index.php\/wp-json\/wp\/v2\/media?parent=43"}],"curies":[{"name":"wp","href":"https:\/\/api.w.org\/{rel}","templated":true}]}}