{"id":246,"date":"2017-07-30T18:56:27","date_gmt":"2017-07-30T18:56:27","guid":{"rendered":"http:\/\/asz-online.com\/?page_id=246"},"modified":"2019-10-29T09:26:49","modified_gmt":"2019-10-29T09:26:49","slug":"angebotsanfrage","status":"publish","type":"page","link":"https:\/\/asz-online.de\/index.php\/dienstleistungen\/angebotsanfrage\/","title":{"rendered":"Kontaktformular"},"content":{"rendered":"<p>[contact-form-7 id=&#8220;251&#8243; title=&#8220;Contact form 1&#8243;]<\/p>\n<p>*Pflichtfelder<\/p>\n<hr \/>\n<p>Ein Formular f\u00fcr ein unverbindliches Angebot k\u00f6nnen Sie sich hier als PDF downloaden und uns ausgef\u00fcllt per Fax zusenden.<\/p>\n<ul>\n<li>Angebotsformular f\u00fcr sicherheitstechnische und arbeitsmedizinische Betreuung<\/li>\n<\/ul>\n<p><a href=\" https:\/\/asz-online.de\/wp-content\/uploads\/2019\/10\/Angebot_20191029.pdf\" target=\"_blank\" rel=\"noopener noreferrer\"><img decoding=\"async\" loading=\"lazy\" class=\"alignnone wp-image-636 size-full\" src=\"https:\/\/asz-online.de\/wp-content\/uploads\/2017\/09\/pdf.jpg\" alt=\"\" width=\"87\" height=\"150\" \/><\/a><\/p>\n<ul>\n<li>Angebotsformular f\u00fcr technische Revisionen<\/li>\n<\/ul>\n<p><a href=\"https:\/\/asz-online.de\/wp-content\/uploads\/2019\/10\/Angebot-Revisionen_20191029.pdf\" target=\"_blank\" rel=\"noopener noreferrer\"><img decoding=\"async\" loading=\"lazy\" class=\"alignnone wp-image-636 size-full\" src=\"https:\/\/asz-online.de\/wp-content\/uploads\/2017\/09\/pdf.jpg\" alt=\"\" width=\"87\" height=\"150\" \/><\/a><\/p>\n<ul>\n<li>Angebotsformular f\u00fcr Spielplatzpr\u00fcfungen<\/li>\n<\/ul>\n<p><a href=\"https:\/\/asz-online.de\/wp-content\/uploads\/2019\/10\/Angebot-Spielplatzpr%C3%BCfung_20191029.pdf\" target=\"_blank\" rel=\"noopener noreferrer\"><img decoding=\"async\" loading=\"lazy\" class=\"alignnone wp-image-636 size-full\" src=\"https:\/\/asz-online.de\/wp-content\/uploads\/2017\/09\/pdf.jpg\" alt=\"\" width=\"87\" height=\"150\" \/><\/a><\/p>\n<p>&nbsp;<\/p>\n","protected":false},"excerpt":{"rendered":"<p>[contact-form-7 id=&#8220;251&#8243; title=&#8220;Contact form 1&#8243;] *Pflichtfelder Ein Formular f\u00fcr ein unverbindliches Angebot k\u00f6nnen Sie sich hier als PDF downloaden und uns ausgef\u00fcllt per Fax zusenden. Angebotsformular f\u00fcr sicherheitstechnische und arbeitsmedizinische Betreuung Angebotsformular f\u00fcr technische Revisionen Angebotsformular f\u00fcr Spielplatzpr\u00fcfungen &nbsp;<\/p>\n","protected":false},"author":2,"featured_media":0,"parent":190,"menu_order":0,"comment_status":"closed","ping_status":"closed","template":"","meta":[],"_links":{"self":[{"href":"https:\/\/asz-online.de\/index.php\/wp-json\/wp\/v2\/pages\/246"}],"collection":[{"href":"https:\/\/asz-online.de\/index.php\/wp-json\/wp\/v2\/pages"}],"about":[{"href":"https:\/\/asz-online.de\/index.php\/wp-json\/wp\/v2\/types\/page"}],"author":[{"embeddable":true,"href":"https:\/\/asz-online.de\/index.php\/wp-json\/wp\/v2\/users\/2"}],"replies":[{"embeddable":true,"href":"https:\/\/asz-online.de\/index.php\/wp-json\/wp\/v2\/comments?post=246"}],"version-history":[{"count":24,"href":"https:\/\/asz-online.de\/index.php\/wp-json\/wp\/v2\/pages\/246\/revisions"}],"predecessor-version":[{"id":1485,"href":"https:\/\/asz-online.de\/index.php\/wp-json\/wp\/v2\/pages\/246\/revisions\/1485"}],"up":[{"embeddable":true,"href":"https:\/\/asz-online.de\/index.php\/wp-json\/wp\/v2\/pages\/190"}],"wp:attachment":[{"href":"https:\/\/asz-online.de\/index.php\/wp-json\/wp\/v2\/media?parent=246"}],"curies":[{"name":"wp","href":"https:\/\/api.w.org\/{rel}","templated":true}]}}