{"id":2340,"date":"2023-02-09T10:46:31","date_gmt":"2023-02-09T10:46:31","guid":{"rendered":"https:\/\/asz-online.de\/?page_id=2340"},"modified":"2026-04-02T06:28:18","modified_gmt":"2026-04-02T06:28:18","slug":"brandschutz","status":"publish","type":"page","link":"https:\/\/asz-online.de\/index.php\/dienstleistungen\/brandschutz\/","title":{"rendered":"Brandschutz"},"content":{"rendered":"<h1>Brandschutz<\/h1>\n<p>Die Qualit\u00e4t des Brandschutzes ist heute f\u00fcr einen Betrieb von gr\u00f6\u00dfter Bedeutung. In Zukunft werden nur mehr jene Institutionen im nationalen und internationalen Wettbewerb bestehen k\u00f6nnen, die auf diesem Gebiet Vorsorge getroffen haben.<\/p>\n<p>Wir stellen unsere Dienste als externer Brandschutzbeauftragter zur Verf\u00fcgung. Wir unterst\u00fctzen Sie in allen Fragen des vorbeugenden, abwehrenden und organisatorischen Brandschutzes und schulen Ihr Personal beispielsweise im praktischen Umgang mit der L\u00f6schtechnik.<\/p>\n<h2>Leistungsangebot Brandschutz:<\/h2>\n<ul>\n<li>Bestellung eines externen Brandschutzbeauftragten<\/li>\n<li>Organisation und Durchf\u00fchrung von Evakuierungs\u00fcbungen<\/li>\n<li>Durchf\u00fchrung von Brandschutzhelferausbildung<\/li>\n<li>Pr\u00fcfung Feuerl\u00f6scher \/ RWA-Anlagen<\/li>\n<li>Feuerl\u00f6schtraining<\/li>\n<li>Erstellung und Aktualisierung von Flucht- und Rettungspl\u00e4nen nach DIN ISO 23601<\/li>\n<li>Erstellung und Aktualisierung von Feuerwehrpl\u00e4nen nach DIN 14095<\/li>\n<li>Brandschutzordnungen nach DIN 14096<\/li>\n<\/ul>\n<div class=\"BorlabsCookie\">\n<div class=\"_brlbs-content-blocker\">\n<div class=\"_brlbs-embed _brlbs-video-youtube\"> <img decoding=\"async\" class=\"_brlbs-thumbnail\" src=\"https:\/\/asz-online.de\/wp-content\/plugins\/borlabs-cookie\/images\/cb-no-thumbnail.png\" alt=\"YouTube\"> <\/p>\n<div class=\"_brlbs-caption\">\n<p>Mit dem Laden des Videos akzeptieren Sie die Datenschutzerkl\u00e4rung von YouTube.<br \/><a href=\"https:\/\/policies.google.com\/privacy\" target=\"_blank\" rel=\"nofollow noopener noreferrer\">Mehr erfahren<\/a><\/p>\n<p><a class=\"_brlbs-btn _brlbs-icon-play-white\" href=\"#\" data-borlabs-cookie-unblock role=\"button\">Video laden<\/a><\/p>\n<p><label><input type=\"checkbox\" name=\"unblockAll\" value=\"1\" checked> <small>YouTube immer entsperren<\/small><\/label><\/p>\n<\/p><\/div>\n<\/p><\/div>\n<\/p><\/div>\n<div class=\"borlabs-hide\" data-borlabs-cookie-type=\"content-blocker\" data-borlabs-cookie-id=\"youtube\"><script type=\"text\/template\">PGlmcmFtZSB0aXRsZT0iQnJhbmRzY2h1dHp1bnRlcmxhZ2VuIHZvbSBBU1og4oCTIG1pdCB1bnMga2\/MiG5uZW4gU2llIHBsYW5lbiEiIHdpZHRoPSI1MjUiIGhlaWdodD0iMjk1IiBzcmM9Imh0dHBzOi8vd3d3LnlvdXR1YmUtbm9jb29raWUuY29tL2VtYmVkL1UydHV5dThkTEMwP2ZlYXR1cmU9b2VtYmVkIiBmcmFtZWJvcmRlcj0iMCIgYWxsb3c9ImFjY2VsZXJvbWV0ZXI7IGF1dG9wbGF5OyBjbGlwYm9hcmQtd3JpdGU7IGVuY3J5cHRlZC1tZWRpYTsgZ3lyb3Njb3BlOyBwaWN0dXJlLWluLXBpY3R1cmU7IHdlYi1zaGFyZSIgcmVmZXJyZXJwb2xpY3k9InN0cmljdC1vcmlnaW4td2hlbi1jcm9zcy1vcmlnaW4iIGFsbG93ZnVsbHNjcmVlbj48L2lmcmFtZT4=<\/script><\/div>\n<\/div>\n<hr \/>\n<h3>Kontakt f\u00fcr die Erstellung\/Aktualisierung von Brandschutzunterlagen<\/h3>\n<p>Herr Dimitrij Sch\u00e4fer<br \/>\nTel.: 036022 \/ 18 00 18<br \/>\nMail: dimitrij.schaefer@asz-online.de<\/p>\n<p>Frau Antonia Bretschneider<br \/>\nTel.: 036022 \/ 18 00 19<br \/>\nMail: antonia.bretschneider@asz-online.de<\/p>\n<hr \/>\n<h3>Kontakt f\u00fcr Fragen zur brandschutztechnische Betreuung:<\/h3>\n<p>Arbeitsschutzzentrum in Th\u00fcringen<br \/>\nAltengottern<br \/>\nHauptstra\u00dfe 4<br \/>\n99991 Unstrut-Hainich<br \/>\nTel.: 036022 \/ 18 000<br \/>\nFax: 036022 \/ 18 00 34<br \/>\nEmail: info@arbeitsschutzzentrum.de<\/p>\n<hr \/>\n<p>Ein Formular f\u00fcr ein unverbindliches Angebot k\u00f6nnen Sie sich hier als PDF downloaden und uns ausgef\u00fcllt per Fax, Brief oder Mail zusenden.<\/p>\n<p><a href=\"https:\/\/asz-online.de\/wp-content\/uploads\/2026\/02\/Angebot-Brandschutzunterlagen_20260203.pdf\" target=\"_blank\" rel=\"noopener\"><strong><span style=\"color: #ff0000;\">Download Angebotsformular zur Erstellung\/Aktualisierung von Brandschutzunterlagen<\/span><\/strong><\/a><\/p>\n<p><span style=\"color: #ff0000;\"><strong><a style=\"color: #ff0000;\" href=\"https:\/\/asz-online.de\/wp-content\/uploads\/2026\/02\/Angebot_AS_AM_BS_GG_20260203.pdf\" target=\"_blank\" rel=\"noopener\">Download Angebotsformular f\u00fcr brandschutztechnische Betreuung<\/a><\/strong><\/span><\/p>\n<hr \/>\n<h3>Schulungstermine f\u00fcr Brandschutzhelfer(in) 2026<\/h3>\n<p>Eine Teilnahme ist nur m\u00f6glich, wenn das von Ihnen ausgef\u00fcllte Anmeldeformular rechtzeitig bei uns vorliegt!<\/p>\n<p><strong>Die Schulungen finden statt im:<\/strong><br \/>\nArbeitsschutzzentrum in Th\u00fcringen<br \/>\nAltengottern<br \/>\nHauptstra\u00dfe 4<br \/>\n99991 Unstrut Hainich<\/p>\n<p>Kurs 2: 21.05.2026<br \/>\nKurs 3: 25.06.2026<br \/>\nKurs 4: 04.09.2026<br \/>\nKurs 5: 06.11.2026<\/p>\n<p>Beginn: 08:00 Uhr<br \/>\nEnde ca.: 14:00 Uhr<\/p>\n<p><a href=\"https:\/\/asz-online.de\/wp-content\/uploads\/2026\/01\/Anmeldeformular-Brandschutzhelfer-ASZ_26_b.pdf\" target=\"_blank\" rel=\"noopener\"><strong><span style=\"color: #ff0000;\">Download Anmeldeformular<\/span><\/strong><\/a><\/p>\n<p><strong>Termine in Erfurt 2026<br \/>\n<\/strong><strong>Die Schulungen finden statt :<\/strong><br \/>\nBlumenstra\u00dfe 70<br \/>\n99092 Erfurt<\/p>\n<p>Kurs 1: 18.09.2026<\/p>\n<p>Beginn: 08:00 Uhr<br \/>\nEnde ca.: 14:00 Uhr<\/p>\n<p><a href=\"https:\/\/asz-online.de\/wp-content\/uploads\/2026\/01\/Anmeldeformular-Brandschutzhelfer-ERFURT_26_b.pdf\" target=\"_blank\" rel=\"noopener\"><strong><span style=\"color: #ff0000;\">Download Anmeldeformular<\/span><\/strong><\/a><\/p>\n<p>&nbsp;<\/p>\n","protected":false},"excerpt":{"rendered":"<p>Brandschutz Die Qualit\u00e4t des Brandschutzes ist heute f\u00fcr einen Betrieb von gr\u00f6\u00dfter Bedeutung. In Zukunft werden nur mehr jene Institutionen im nationalen und internationalen Wettbewerb bestehen k\u00f6nnen, die auf diesem Gebiet Vorsorge getroffen haben. Wir stellen unsere Dienste als externer Brandschutzbeauftragter zur Verf\u00fcgung. Wir unterst\u00fctzen Sie in allen Fragen des vorbeugenden, abwehrenden und organisatorischen Brandschutzes &hellip; <\/p>\n<p class=\"link-more\"><a href=\"https:\/\/asz-online.de\/index.php\/dienstleistungen\/brandschutz\/\" class=\"more-link\"><span class=\"screen-reader-text\">\u201eBrandschutz\u201c <\/span>weiterlesen<\/a><\/p>\n","protected":false},"author":2,"featured_media":3001,"parent":190,"menu_order":0,"comment_status":"closed","ping_status":"closed","template":"","meta":[],"_links":{"self":[{"href":"https:\/\/asz-online.de\/index.php\/wp-json\/wp\/v2\/pages\/2340"}],"collection":[{"href":"https:\/\/asz-online.de\/index.php\/wp-json\/wp\/v2\/pages"}],"about":[{"href":"https:\/\/asz-online.de\/index.php\/wp-json\/wp\/v2\/types\/page"}],"author":[{"embeddable":true,"href":"https:\/\/asz-online.de\/index.php\/wp-json\/wp\/v2\/users\/2"}],"replies":[{"embeddable":true,"href":"https:\/\/asz-online.de\/index.php\/wp-json\/wp\/v2\/comments?post=2340"}],"version-history":[{"count":25,"href":"https:\/\/asz-online.de\/index.php\/wp-json\/wp\/v2\/pages\/2340\/revisions"}],"predecessor-version":[{"id":3425,"href":"https:\/\/asz-online.de\/index.php\/wp-json\/wp\/v2\/pages\/2340\/revisions\/3425"}],"up":[{"embeddable":true,"href":"https:\/\/asz-online.de\/index.php\/wp-json\/wp\/v2\/pages\/190"}],"wp:featuredmedia":[{"embeddable":true,"href":"https:\/\/asz-online.de\/index.php\/wp-json\/wp\/v2\/media\/3001"}],"wp:attachment":[{"href":"https:\/\/asz-online.de\/index.php\/wp-json\/wp\/v2\/media?parent=2340"}],"curies":[{"name":"wp","href":"https:\/\/api.w.org\/{rel}","templated":true}]}}