{"id":2,"date":"2017-07-27T11:19:30","date_gmt":"2017-07-27T11:19:30","guid":{"rendered":"http:\/\/asz-online.com\/?page_id=2"},"modified":"2026-02-16T09:40:16","modified_gmt":"2026-02-16T09:40:16","slug":"vertrieb","status":"publish","type":"page","link":"https:\/\/asz-online.de\/index.php\/dienstleistungen\/vertrieb\/","title":{"rendered":"Vertrieb"},"content":{"rendered":"<h2>Aktuelle Angebote<\/h2>\n<p>Hier finden Sie eine Auswahl aktueller Angebote an pers\u00f6nlicher Schutzausr\u00fcstung. Die Angebote sind g\u00fcltig vom Februar bis April 2026.<br \/>\n(Alle Preise zzgl. gesetzlicher MwSt)<\/p>\n<p><a href=\"https:\/\/asz-online.de\/wp-content\/uploads\/2026\/02\/ASZ_februar_April_26.pdf\" target=\"_blank\" rel=\"noopener\"><img decoding=\"async\" loading=\"lazy\" class=\"alignnone size-full wp-image-3397\" src=\"https:\/\/asz-online.de\/wp-content\/uploads\/2026\/02\/ASZ_februar_April_26.jpg\" alt=\"\" width=\"767\" height=\"1076\" srcset=\"https:\/\/asz-online.de\/wp-content\/uploads\/2026\/02\/ASZ_februar_April_26.jpg 767w, https:\/\/asz-online.de\/wp-content\/uploads\/2026\/02\/ASZ_februar_April_26-214x300.jpg 214w, https:\/\/asz-online.de\/wp-content\/uploads\/2026\/02\/ASZ_februar_April_26-730x1024.jpg 730w\" sizes=\"(max-width: 767px) 89vw, (max-width: 1000px) 54vw, (max-width: 1071px) 543px, 580px\" \/><\/a><\/p>\n<p><a href=\"https:\/\/asz-online.de\/wp-content\/uploads\/2026\/02\/ASZ_februar_April_26.pdf\" target=\"_blank\" rel=\"noopener\"><span style=\"color: #ff0000;\"><strong>Zu den Angeboten<\/strong><\/span><\/a><\/p>\n<hr \/>\n<h2>Das Vertriebsangebot des ASZ umfasst folgende Produktkategorien:<\/h2>\n<ul>\n<li>Berufsbekleidung in vielen Farben und Qualit\u00e4ten<\/li>\n<li>Arbeitshemden, T-Shirt, Sweatshirt, Poloshirt, Fleecejacken, Fleecepullover &#8211; s\u00e4mtliche Bekleidung kann auch mit Ihrem Logo versehen werden (z. B. bedruckt, bestickt)<\/li>\n<li>Arbeitsschuhe und \u2013 stiefel verschiedenster Markenhersteller<\/li>\n<li>Kopf-, Augen-, Geh\u00f6r- und Atemschutz (Pers\u00f6nliche Schutzausr\u00fcstung)<\/li>\n<li>Arbeitshandschuhe f\u00fcr alle Anwendungsbereiche (gro\u00dfe Auswahl)<\/li>\n<li>Schwei\u00dferschutz (Bekleidung, Schuhe, Brillen, Handschuhe usw.)<\/li>\n<li>Einwegprodukte, Reinigungs- und Pflegemittel<\/li>\n<li>Pers\u00f6nliche Schutzausr\u00fcstung gegen Absturz und auch deren j\u00e4hrliche Pr\u00fcfung!<\/li>\n<li>Zurrgurte, Rundschlingen, Hebeb\u00e4nder, Schutznetze usw.<\/li>\n<li>Hautschutz- und Hautpflegeprodukte<\/li>\n<li>Erste-Hilfe-Ausstattung und Nachf\u00fcllsets (20 Jahre Haltbarkeit bei sterilen Artikeln)<\/li>\n<li>ADR-Koffer<\/li>\n<li>Sicherheitskennzeichnungen, Schilder (auch Sonderanfertigungen)<\/li>\n<li>Feuerl\u00f6scher, Brandschutzger\u00e4te inkl. Pr\u00fcfung<\/li>\n<\/ul>\n<figure id=\"attachment_2895\" aria-describedby=\"caption-attachment-2895\" style=\"width: 600px\" class=\"wp-caption alignnone\"><img decoding=\"async\" loading=\"lazy\" class=\"wp-image-2895 size-full\" src=\"https:\/\/asz-online.de\/wp-content\/uploads\/2024\/11\/soehngen-erste-hilfe-koffer.jpg\" alt=\"\" width=\"600\" height=\"600\" srcset=\"https:\/\/asz-online.de\/wp-content\/uploads\/2024\/11\/soehngen-erste-hilfe-koffer.jpg 600w, https:\/\/asz-online.de\/wp-content\/uploads\/2024\/11\/soehngen-erste-hilfe-koffer-300x300.jpg 300w, https:\/\/asz-online.de\/wp-content\/uploads\/2024\/11\/soehngen-erste-hilfe-koffer-150x150.jpg 150w, https:\/\/asz-online.de\/wp-content\/uploads\/2024\/11\/soehngen-erste-hilfe-koffer-100x100.jpg 100w\" sizes=\"(max-width: 600px) 100vw, 600px\" \/><figcaption id=\"caption-attachment-2895\" class=\"wp-caption-text\">Erste-Hilfe-Koffer von der Firma S\u00f6hngen. Die sterile Artikel haben eine Haltbarkeit von 20 Jahren!<\/figcaption><\/figure>\n<hr \/>\n<figure id=\"attachment_2177\" aria-describedby=\"caption-attachment-2177\" style=\"width: 600px\" class=\"wp-caption alignnone\"><a href=\"https:\/\/asz-online.de\/wp-content\/uploads\/2022\/03\/flyer_pflasterspender_2.pdf\" target=\"_blank\" rel=\"noopener\"><img decoding=\"async\" loading=\"lazy\" class=\"wp-image-2177 size-full\" src=\"https:\/\/asz-online.de\/wp-content\/uploads\/2022\/03\/pflaster.jpg\" alt=\"\" width=\"600\" height=\"368\" srcset=\"https:\/\/asz-online.de\/wp-content\/uploads\/2022\/03\/pflaster.jpg 600w, https:\/\/asz-online.de\/wp-content\/uploads\/2022\/03\/pflaster-300x184.jpg 300w\" sizes=\"(max-width: 600px) 100vw, 600px\" \/><\/a><figcaption id=\"caption-attachment-2177\" class=\"wp-caption-text\">(f\u00fcr Details bitte anklicken)<\/figcaption><\/figure>\n<hr \/>\n<h3>Kontakt Vertrieb \/ Innendienst:<\/h3>\n<p>Frau Sabine H\u00f6nl<br \/>\nTel.: 036022 \/ 18 88 82<br \/>\nMail: Sabine.Hoenl@asz-online.de<\/p>\n<p>Frau Janett Engelhardt<br \/>\nTel.: 036022 \/ 18 88 80<br \/>\nMail: Janett.Engelhardt@asz-online.de<\/p>\n<hr \/>\n<h3>Kontakt Vertrieb \/ Au\u00dfendienst:<\/h3>\n<p>Herr Frank Leibeling<br \/>\nMobil: 0174 \/ 30 88 205<br \/>\nMail: Frank.Leibeling@asz-online.de<\/p>\n<p>Frau Claudia Ebhardt<br \/>\nMobil: 0160 \/ 98 48 62 41<br \/>\nMail: Claudia.Ebhardt@asz-online.de<\/p>\n","protected":false},"excerpt":{"rendered":"<p>Aktuelle Angebote Hier finden Sie eine Auswahl aktueller Angebote an pers\u00f6nlicher Schutzausr\u00fcstung. Die Angebote sind g\u00fcltig vom Februar bis April 2026. (Alle Preise zzgl. gesetzlicher MwSt) Zu den Angeboten Das Vertriebsangebot des ASZ umfasst folgende Produktkategorien: Berufsbekleidung in vielen Farben und Qualit\u00e4ten Arbeitshemden, T-Shirt, Sweatshirt, Poloshirt, Fleecejacken, Fleecepullover &#8211; s\u00e4mtliche Bekleidung kann auch mit Ihrem &hellip; <\/p>\n<p class=\"link-more\"><a href=\"https:\/\/asz-online.de\/index.php\/dienstleistungen\/vertrieb\/\" class=\"more-link\"><span class=\"screen-reader-text\">\u201eVertrieb\u201c <\/span>weiterlesen<\/a><\/p>\n","protected":false},"author":1,"featured_media":712,"parent":190,"menu_order":0,"comment_status":"closed","ping_status":"open","template":"","meta":[],"_links":{"self":[{"href":"https:\/\/asz-online.de\/index.php\/wp-json\/wp\/v2\/pages\/2"}],"collection":[{"href":"https:\/\/asz-online.de\/index.php\/wp-json\/wp\/v2\/pages"}],"about":[{"href":"https:\/\/asz-online.de\/index.php\/wp-json\/wp\/v2\/types\/page"}],"author":[{"embeddable":true,"href":"https:\/\/asz-online.de\/index.php\/wp-json\/wp\/v2\/users\/1"}],"replies":[{"embeddable":true,"href":"https:\/\/asz-online.de\/index.php\/wp-json\/wp\/v2\/comments?post=2"}],"version-history":[{"count":101,"href":"https:\/\/asz-online.de\/index.php\/wp-json\/wp\/v2\/pages\/2\/revisions"}],"predecessor-version":[{"id":3398,"href":"https:\/\/asz-online.de\/index.php\/wp-json\/wp\/v2\/pages\/2\/revisions\/3398"}],"up":[{"embeddable":true,"href":"https:\/\/asz-online.de\/index.php\/wp-json\/wp\/v2\/pages\/190"}],"wp:featuredmedia":[{"embeddable":true,"href":"https:\/\/asz-online.de\/index.php\/wp-json\/wp\/v2\/media\/712"}],"wp:attachment":[{"href":"https:\/\/asz-online.de\/index.php\/wp-json\/wp\/v2\/media?parent=2"}],"curies":[{"name":"wp","href":"https:\/\/api.w.org\/{rel}","templated":true}]}}