{"id":1634,"date":"2020-07-14T08:51:15","date_gmt":"2020-07-14T08:51:15","guid":{"rendered":"https:\/\/asz-online.de\/?page_id=1634"},"modified":"2026-02-03T07:57:07","modified_gmt":"2026-02-03T07:57:07","slug":"pruefung-von-spielplaetzen","status":"publish","type":"page","link":"https:\/\/asz-online.de\/index.php\/dienstleistungen\/arbeitssicherheit\/pruefung-von-spielplaetzen\/","title":{"rendered":"Pr\u00fcfung von Spielpl\u00e4tzen"},"content":{"rendered":"<h1>Pr\u00fcfung von Spielpl\u00e4tzen und Spielger\u00e4ten<\/h1>\n<p>F\u00fcr eine gesunde Entwicklung von Kindern ist ausreichende Bewegung erforderlich, die durch sichere Kinderspielpl\u00e4tze und deren Spielger\u00e4te gef\u00f6rdert wird. Bedingt durch witterungsbedingten Verschlei\u00df, Vandalismus und starker Belastung sowie durch falsche Installation und Aufstellung der Spielger\u00e4te, ist eine regelm\u00e4\u00dfige Wartung, Pr\u00fcfung und j\u00e4hrliche Inspektion erforderlich.<\/p>\n<p>Im Rahmen der Verkehrssicherungspflicht haben die Verantwortlichen die Pr\u00fcfung der Spielger\u00e4te zu veranlassen und somit einen Sachkundigen f\u00fcr Spielplatzger\u00e4te zur Pr\u00fcfung der Spielger\u00e4te zu beauftragen.<\/p>\n<p><img decoding=\"async\" loading=\"lazy\" class=\"alignnone size-full wp-image-1653\" src=\"https:\/\/asz-online.de\/wp-content\/uploads\/2020\/07\/spielplatz_asz.jpg\" alt=\"\" width=\"600\" height=\"450\" srcset=\"https:\/\/asz-online.de\/wp-content\/uploads\/2020\/07\/spielplatz_asz.jpg 600w, https:\/\/asz-online.de\/wp-content\/uploads\/2020\/07\/spielplatz_asz-300x225.jpg 300w\" sizes=\"(max-width: 600px) 100vw, 600px\" \/><\/p>\n<p>Unsere spezialisierten Sicherheitsingenieure f\u00fchren f\u00fcr Sie die Sachkundekontrolle der Spielpl\u00e4tze nach DIN EN 1176-1 durch.<br \/>\nSprechen Sie mit uns!<\/p>\n<hr \/>\n<h3>Kontakt f\u00fcr Fragen zur sicherheitstechnischen Betreuung:<\/h3>\n<p>Arbeitsschutzzentrum in Th\u00fcringen<br \/>\nAltengottern<br \/>\nHauptstra\u00dfe 4<br \/>\n99991 Unstrut-Hainich<br \/>\nTel.: 036022 \/ 18 000<br \/>\nFax: 036022 \/ 18 00 34<br \/>\nEmail: info@arbeitsschutzzentrum.de<\/p>\n<hr \/>\n<p>Ein Formular f\u00fcr ein unverbindliches Angebot k\u00f6nnen Sie sich hier als PDF downloaden und uns ausgef\u00fcllt per Fax, Brief oder Mail zusenden.<\/p>\n<p><a href=\"https:\/\/asz-online.de\/wp-content\/uploads\/2026\/02\/Angebot-Spielplatzpruefung_20260203.pdf\" target=\"_blank\" rel=\"noopener\"><strong><span style=\"color: #ff0000;\">Download Angebotsformular f\u00fcr Spielplatzpr\u00fcfungen<\/span><\/strong><\/a><\/p>\n<p>&nbsp;<\/p>\n","protected":false},"excerpt":{"rendered":"<p>Pr\u00fcfung von Spielpl\u00e4tzen und Spielger\u00e4ten F\u00fcr eine gesunde Entwicklung von Kindern ist ausreichende Bewegung erforderlich, die durch sichere Kinderspielpl\u00e4tze und deren Spielger\u00e4te gef\u00f6rdert wird. Bedingt durch witterungsbedingten Verschlei\u00df, Vandalismus und starker Belastung sowie durch falsche Installation und Aufstellung der Spielger\u00e4te, ist eine regelm\u00e4\u00dfige Wartung, Pr\u00fcfung und j\u00e4hrliche Inspektion erforderlich. Im Rahmen der Verkehrssicherungspflicht haben die &hellip; <\/p>\n<p class=\"link-more\"><a href=\"https:\/\/asz-online.de\/index.php\/dienstleistungen\/arbeitssicherheit\/pruefung-von-spielplaetzen\/\" class=\"more-link\"><span class=\"screen-reader-text\">\u201ePr\u00fcfung von Spielpl\u00e4tzen\u201c <\/span>weiterlesen<\/a><\/p>\n","protected":false},"author":2,"featured_media":2732,"parent":11,"menu_order":0,"comment_status":"closed","ping_status":"closed","template":"","meta":[],"_links":{"self":[{"href":"https:\/\/asz-online.de\/index.php\/wp-json\/wp\/v2\/pages\/1634"}],"collection":[{"href":"https:\/\/asz-online.de\/index.php\/wp-json\/wp\/v2\/pages"}],"about":[{"href":"https:\/\/asz-online.de\/index.php\/wp-json\/wp\/v2\/types\/page"}],"author":[{"embeddable":true,"href":"https:\/\/asz-online.de\/index.php\/wp-json\/wp\/v2\/users\/2"}],"replies":[{"embeddable":true,"href":"https:\/\/asz-online.de\/index.php\/wp-json\/wp\/v2\/comments?post=1634"}],"version-history":[{"count":9,"href":"https:\/\/asz-online.de\/index.php\/wp-json\/wp\/v2\/pages\/1634\/revisions"}],"predecessor-version":[{"id":3377,"href":"https:\/\/asz-online.de\/index.php\/wp-json\/wp\/v2\/pages\/1634\/revisions\/3377"}],"up":[{"embeddable":true,"href":"https:\/\/asz-online.de\/index.php\/wp-json\/wp\/v2\/pages\/11"}],"wp:featuredmedia":[{"embeddable":true,"href":"https:\/\/asz-online.de\/index.php\/wp-json\/wp\/v2\/media\/2732"}],"wp:attachment":[{"href":"https:\/\/asz-online.de\/index.php\/wp-json\/wp\/v2\/media?parent=1634"}],"curies":[{"name":"wp","href":"https:\/\/api.w.org\/{rel}","templated":true}]}}