{"id":11,"date":"2017-07-27T11:37:32","date_gmt":"2017-07-27T11:37:32","guid":{"rendered":"http:\/\/asz-online.com\/?page_id=11"},"modified":"2026-03-12T13:37:15","modified_gmt":"2026-03-12T13:37:15","slug":"arbeitssicherheit","status":"publish","type":"page","link":"https:\/\/asz-online.de\/index.php\/dienstleistungen\/arbeitssicherheit\/","title":{"rendered":"Arbeitssicherheit"},"content":{"rendered":"<p>Wir liefern als \u00fcberbetrieblicher Dienst auf Basis der gesetzlichen Grundlagen und in Verbindung mit einem sicherheitstechnischen Betreuungsvertrag die Grundlage f\u00fcr eine gemeinsame Sicherheitsarbeit, bew\u00e4hrt in den betrieblichen Managementsystemen ISO 9001, KTQ etc.<\/p>\n<p>Zielstellung ist eine gerichtsfeste und doch praktikable Dokumentation f\u00fcr die t\u00e4gliche Sicherheitsarbeit zur Minimierung von unternehmerischen Risiken und zur Unterst\u00fctzung von Managementprozessen.<\/p>\n<h2 class=\"content\">Unsere sicherheitstechnische Betreuung umfasst folgende Bereiche:<\/h2>\n<h3>Arbeitssicherheit<\/h3>\n<ul>\n<li>Bestellung einer externen Fachkraft f\u00fcr Arbeitssicherheit<\/li>\n<li>Betreuung der Unternehmen nach DGUV aller Branchen<\/li>\n<li>Unterst\u00fctzung bei Erstellung der Gef\u00e4hrdungsbeurteilung<\/li>\n<li>Durchf\u00fchrung von Orientierungsmessungen an Arbeitspl\u00e4tzen (Licht, Temperatur, Lautst\u00e4rke)<\/li>\n<li>Erstellung von Explosionsschutzdokumenten<\/li>\n<li>Erstellung von Gefahrstoffkataster<\/li>\n<li>Durchf\u00fchrung von Unterweisungen und Schulungen<\/li>\n<\/ul>\n<hr \/>\n<h3><a href=\"https:\/\/asz-online.de\/index.php\/dienstleistungen\/brandschutz\/\"><img decoding=\"async\" loading=\"lazy\" class=\"alignnone size-full wp-image-2939\" src=\"https:\/\/asz-online.de\/wp-content\/uploads\/2024\/11\/brands.jpg\" alt=\"\" width=\"800\" height=\"480\" srcset=\"https:\/\/asz-online.de\/wp-content\/uploads\/2024\/11\/brands.jpg 800w, https:\/\/asz-online.de\/wp-content\/uploads\/2024\/11\/brands-300x180.jpg 300w, https:\/\/asz-online.de\/wp-content\/uploads\/2024\/11\/brands-768x461.jpg 768w\" sizes=\"(max-width: 767px) 89vw, (max-width: 1000px) 54vw, (max-width: 1071px) 543px, 580px\" \/><\/a><\/h3>\n<h3><a href=\"https:\/\/asz-online.de\/index.php\/dienstleistungen\/brandschutz\/\"><span style=\"color: #ff0000;\"><img decoding=\"async\" loading=\"lazy\" class=\"alignnone size-full wp-image-3219\" src=\"https:\/\/asz-online.de\/wp-content\/uploads\/2025\/10\/b_brandschutz.png\" alt=\"\" width=\"600\" height=\"151\" srcset=\"https:\/\/asz-online.de\/wp-content\/uploads\/2025\/10\/b_brandschutz.png 600w, https:\/\/asz-online.de\/wp-content\/uploads\/2025\/10\/b_brandschutz-300x76.png 300w\" sizes=\"(max-width: 600px) 100vw, 600px\" \/><\/span><\/a><\/h3>\n<ul>\n<li>Bestellung eines externen Brandschutzbeauftragten<\/li>\n<li>Organisation und Durchf\u00fchrung von Evakuierungs\u00fcbungen<\/li>\n<li>Durchf\u00fchrung von Brandschutzhelferausbildung<\/li>\n<li>Pr\u00fcfung Feuerl\u00f6scher \/ RWA-Anlagen<\/li>\n<li>Feuerl\u00f6schtraining<\/li>\n<li>Erstellung und Aktualisierung von Flucht- und Rettungspl\u00e4nen nach DIN ISO 23601<\/li>\n<li>Erstellung und Aktualisierung von Feuerwehrpl\u00e4nen nach DIN 14095<\/li>\n<li>Brandschutzordnungen nach DIN 14096<\/li>\n<\/ul>\n<div class=\"BorlabsCookie\">\n<div class=\"_brlbs-content-blocker\">\n<div class=\"_brlbs-embed _brlbs-video-youtube\"> <img decoding=\"async\" class=\"_brlbs-thumbnail\" src=\"https:\/\/asz-online.de\/wp-content\/plugins\/borlabs-cookie\/images\/cb-no-thumbnail.png\" alt=\"YouTube\"> <\/p>\n<div class=\"_brlbs-caption\">\n<p>Mit dem Laden des Videos akzeptieren Sie die Datenschutzerkl\u00e4rung von YouTube.<br \/><a href=\"https:\/\/policies.google.com\/privacy\" target=\"_blank\" rel=\"nofollow noopener noreferrer\">Mehr erfahren<\/a><\/p>\n<p><a class=\"_brlbs-btn _brlbs-icon-play-white\" href=\"#\" data-borlabs-cookie-unblock role=\"button\">Video laden<\/a><\/p>\n<p><label><input type=\"checkbox\" name=\"unblockAll\" value=\"1\" checked> <small>YouTube immer entsperren<\/small><\/label><\/p>\n<\/p><\/div>\n<\/p><\/div>\n<\/p><\/div>\n<div class=\"borlabs-hide\" data-borlabs-cookie-type=\"content-blocker\" data-borlabs-cookie-id=\"youtube\"><script type=\"text\/template\">PGlmcmFtZSB0aXRsZT0iQnJhbmRzY2h1dHp1bnRlcmxhZ2VuIHZvbSBBU1og4oCTIG1pdCB1bnMga2\/MiG5uZW4gU2llIHBsYW5lbiEiIHdpZHRoPSI1MjUiIGhlaWdodD0iMjk1IiBzcmM9Imh0dHBzOi8vd3d3LnlvdXR1YmUtbm9jb29raWUuY29tL2VtYmVkL1UydHV5dThkTEMwP2ZlYXR1cmU9b2VtYmVkIiBmcmFtZWJvcmRlcj0iMCIgYWxsb3c9ImFjY2VsZXJvbWV0ZXI7IGF1dG9wbGF5OyBjbGlwYm9hcmQtd3JpdGU7IGVuY3J5cHRlZC1tZWRpYTsgZ3lyb3Njb3BlOyBwaWN0dXJlLWluLXBpY3R1cmU7IHdlYi1zaGFyZSIgcmVmZXJyZXJwb2xpY3k9InN0cmljdC1vcmlnaW4td2hlbi1jcm9zcy1vcmlnaW4iIGFsbG93ZnVsbHNjcmVlbj48L2lmcmFtZT4=<\/script><\/div>\n<\/div>\n<hr \/>\n<h3>Umweltschutz<\/h3>\n<ul>\n<li>Erstellung von Genehmigungsverfahren nach BImSchG<\/li>\n<li>Emissionserkl\u00e4rung<\/li>\n<li>Umgang\/Lagerung wassergef. Stoffe<\/li>\n<li>Begleitung der Sanierung von Altlastenstandorten<\/li>\n<li>\u00dcberpr\u00fcfung von Heiz\u00f6ltanks und der Sanierung von Tankstellen<\/li>\n<\/ul>\n<hr \/>\n<h3>Betreuung Biogasanlagen<\/h3>\n<ul>\n<li>Beurteilung der Sicherheit und Anlagenpr\u00fcfung<\/li>\n<li>sicherheitstechnische Anlagenbewertung inkl. Explosionsschutzbetrachtung<\/li>\n<li>Durchf\u00fchrung von Unterweisungen<\/li>\n<li>Brandschutzbegehungen<\/li>\n<li>Erstellung und Aktualisierung von Feuerwehrpl\u00e4nen<\/li>\n<li>Durchf\u00fchrung verschiedener Pr\u00fcfungen (technische, elektrotechnische und Dichtheitspr\u00fcfungen)<\/li>\n<\/ul>\n<hr \/>\n<h3>GGVS Gefahrgutbeauftragter Stra\u00dfe<\/h3>\n<ul>\n<li>Erstellung der Jahresberichte<\/li>\n<li>Beratung auf dem Gebiet Gefahrgutbef\u00f6rderung<\/li>\n<li>\u00dcberwachung der Einhaltung der Vorschriften f\u00fcr die Gefahrgutbef\u00f6rderung<\/li>\n<li>Unterweisung der Mitarbeiter<\/li>\n<\/ul>\n<hr \/>\n<h3><img decoding=\"async\" loading=\"lazy\" class=\"alignnone size-full wp-image-2941\" src=\"https:\/\/asz-online.de\/wp-content\/uploads\/2024\/11\/sigeko.jpg\" alt=\"\" width=\"800\" height=\"525\" srcset=\"https:\/\/asz-online.de\/wp-content\/uploads\/2024\/11\/sigeko.jpg 800w, https:\/\/asz-online.de\/wp-content\/uploads\/2024\/11\/sigeko-300x197.jpg 300w, https:\/\/asz-online.de\/wp-content\/uploads\/2024\/11\/sigeko-768x504.jpg 768w\" sizes=\"(max-width: 767px) 89vw, (max-width: 1000px) 54vw, (max-width: 1071px) 543px, 580px\" \/><\/h3>\n<h3>Sicherheits- und Gesundheitsschutzkoordinator (SiGeKo)<\/h3>\n<ul>\n<li>Betreuung von Baustellen<\/li>\n<li>Erarbeitung der Baustellenvorank\u00fcndigung<\/li>\n<li>Erarbeitung und Aktualisierung des SiGe-Planes<\/li>\n<li>regelm\u00e4\u00dfige Begehung der Baustellen mit Dokumentation<\/li>\n<li>Erstellung der Unterlagen f\u00fcr sp\u00e4tere Arbeiten<\/li>\n<li>Betreuung von Baustellen mit Umgang von Asbest (TRGS 519)<\/li>\n<li>Betreuung von Baustellen mit Umgang von alter Mineralwolle (TRGS 521)<\/li>\n<li>Betreuung von Baustellen mit Arbeiten im kontaminierten Bereich (TRGS 524)<\/li>\n<\/ul>\n<hr \/>\n<h3>Technische Revisionen<\/h3>\n<h4>\u00dcberpr\u00fcfung von:<\/h4>\n<ul>\n<li>kraftbet\u00e4tigte T\u00fcren, Fenster, Tore (Rolltore)<\/li>\n<li>Handhubwagen<\/li>\n<li>Leitern<\/li>\n<li>Tritte<\/li>\n<li>Fahrger\u00fcste<\/li>\n<li>Regale<\/li>\n<li>Brandschutzt\u00fcren einfl\u00fcgelig<\/li>\n<li>Brandschutzt\u00fcren zweifl\u00fcgelig<\/li>\n<li>Feststellanlagen<\/li>\n<li>Brandschutz-Tore<\/li>\n<li>Feuerl\u00f6scher<\/li>\n<li>RWA-Anlagen<\/li>\n<li>Anlagen zur Lagerung von Jauche, G\u00fclle, Silosickersaft (JGS)<\/li>\n<li>Alt\u00f6llager<\/li>\n<li>\u00d6lheizung<\/li>\n<li>Dieseltankstelle \/ Tankstelle<\/li>\n<\/ul>\n<hr \/>\n<h3><a href=\"https:\/\/asz-online.de\/index.php\/dienstleistungen\/arbeitssicherheit\/pruefung-von-spielplaetzen\/\"><img decoding=\"async\" loading=\"lazy\" class=\"alignnone size-full wp-image-2943\" src=\"https:\/\/asz-online.de\/wp-content\/uploads\/2024\/11\/spielp.jpg\" alt=\"\" width=\"800\" height=\"593\" srcset=\"https:\/\/asz-online.de\/wp-content\/uploads\/2024\/11\/spielp.jpg 800w, https:\/\/asz-online.de\/wp-content\/uploads\/2024\/11\/spielp-300x222.jpg 300w, https:\/\/asz-online.de\/wp-content\/uploads\/2024\/11\/spielp-768x569.jpg 768w\" sizes=\"(max-width: 767px) 89vw, (max-width: 1000px) 54vw, (max-width: 1071px) 543px, 580px\" \/><\/a><\/h3>\n<h3><a href=\"https:\/\/asz-online.de\/index.php\/dienstleistungen\/arbeitssicherheit\/pruefung-von-spielplaetzen\/\"><span style=\"color: #ff0000;\"><img decoding=\"async\" loading=\"lazy\" class=\"alignnone size-full wp-image-3220\" src=\"https:\/\/asz-online.de\/wp-content\/uploads\/2025\/10\/b_spiel.png\" alt=\"\" width=\"600\" height=\"155\" srcset=\"https:\/\/asz-online.de\/wp-content\/uploads\/2025\/10\/b_spiel.png 600w, https:\/\/asz-online.de\/wp-content\/uploads\/2025\/10\/b_spiel-300x78.png 300w\" sizes=\"(max-width: 600px) 100vw, 600px\" \/><\/span><\/a><\/h3>\n<ul>\n<li class=\"content\">Die Pr\u00fcfung der Spielger\u00e4te erfolgt nach DIN EN 1176 und DIN SPEC 79161 .<\/li>\n<\/ul>\n<hr \/>\n<h3>Kontakt f\u00fcr Fragen zur sicherheitstechnischen Betreuung:<\/h3>\n<p>Arbeitsschutzzentrum in Th\u00fcringen<br \/>\nAltengottern<br \/>\nHauptstra\u00dfe 4<br \/>\n99991 Unstrut-Hainich<br \/>\nTel.: 036022 \/ 18 000<br \/>\nFax: 036022 \/ 18 00 34<br \/>\nEmail: info@arbeitsschutzzentrum.de<\/p>\n<hr \/>\n<p>Ein Formular f\u00fcr ein unverbindliches Angebot k\u00f6nnen Sie sich hier als PDF downloaden und uns ausgef\u00fcllt per Fax, Brief oder Mail zusenden.<\/p>\n<p><a href=\"https:\/\/asz-online.de\/wp-content\/uploads\/2026\/02\/Angebot_AS_AM_BS_GG_20260203.pdf\" target=\"_blank\" rel=\"noopener\"><strong><span style=\"color: #ff0000;\">Download Angebotsformular f\u00fcr sicherheitstechnische und arbeitsmedizinische Betreuung<\/span><\/strong><\/a><\/p>\n<p><a href=\"https:\/\/asz-online.de\/wp-content\/uploads\/2026\/02\/Angebot-Brandschutzunterlagen_20260203.pdf\" target=\"_blank\" rel=\"noopener\"><span style=\"color: #ff0000;\"><strong>Download Angebotsformular zur Erstellung\/Aktualisierung von Brandschutzunterlagen<\/strong><\/span><\/a><\/p>\n<p><a href=\"https:\/\/asz-online.de\/wp-content\/uploads\/2026\/02\/Angebot-Spielplatzpruefung_20260203.pdf\" target=\"_blank\" rel=\"noopener\"><span style=\"color: #ff0000;\"><strong>Download Angebotsformular f\u00fcr Spielplatzpr\u00fcfungen<\/strong><\/span><\/a><\/p>\n<p>&nbsp;<\/p>\n<p>&nbsp;<\/p>\n","protected":false},"excerpt":{"rendered":"<p>Wir liefern als \u00fcberbetrieblicher Dienst auf Basis der gesetzlichen Grundlagen und in Verbindung mit einem sicherheitstechnischen Betreuungsvertrag die Grundlage f\u00fcr eine gemeinsame Sicherheitsarbeit, bew\u00e4hrt in den betrieblichen Managementsystemen ISO 9001, KTQ etc. Zielstellung ist eine gerichtsfeste und doch praktikable Dokumentation f\u00fcr die t\u00e4gliche Sicherheitsarbeit zur Minimierung von unternehmerischen Risiken und zur Unterst\u00fctzung von Managementprozessen. Unsere &hellip; <\/p>\n<p class=\"link-more\"><a href=\"https:\/\/asz-online.de\/index.php\/dienstleistungen\/arbeitssicherheit\/\" class=\"more-link\"><span class=\"screen-reader-text\">\u201eArbeitssicherheit\u201c <\/span>weiterlesen<\/a><\/p>\n","protected":false},"author":1,"featured_media":2925,"parent":190,"menu_order":0,"comment_status":"closed","ping_status":"closed","template":"","meta":[],"_links":{"self":[{"href":"https:\/\/asz-online.de\/index.php\/wp-json\/wp\/v2\/pages\/11"}],"collection":[{"href":"https:\/\/asz-online.de\/index.php\/wp-json\/wp\/v2\/pages"}],"about":[{"href":"https:\/\/asz-online.de\/index.php\/wp-json\/wp\/v2\/types\/page"}],"author":[{"embeddable":true,"href":"https:\/\/asz-online.de\/index.php\/wp-json\/wp\/v2\/users\/1"}],"replies":[{"embeddable":true,"href":"https:\/\/asz-online.de\/index.php\/wp-json\/wp\/v2\/comments?post=11"}],"version-history":[{"count":98,"href":"https:\/\/asz-online.de\/index.php\/wp-json\/wp\/v2\/pages\/11\/revisions"}],"predecessor-version":[{"id":3422,"href":"https:\/\/asz-online.de\/index.php\/wp-json\/wp\/v2\/pages\/11\/revisions\/3422"}],"up":[{"embeddable":true,"href":"https:\/\/asz-online.de\/index.php\/wp-json\/wp\/v2\/pages\/190"}],"wp:featuredmedia":[{"embeddable":true,"href":"https:\/\/asz-online.de\/index.php\/wp-json\/wp\/v2\/media\/2925"}],"wp:attachment":[{"href":"https:\/\/asz-online.de\/index.php\/wp-json\/wp\/v2\/media?parent=11"}],"curies":[{"name":"wp","href":"https:\/\/api.w.org\/{rel}","templated":true}]}}